{"id":15430,"date":"2011-02-28T14:41:24","date_gmt":"2011-02-28T13:41:24","guid":{"rendered":"http:\/\/www.prenzlberger-stimme.de\/?page_id=15430"},"modified":"2011-02-28T15:23:25","modified_gmt":"2011-02-28T14:23:25","slug":"freundschaftsspiel-beim-vfb-hermsdorf-e-v","status":"publish","type":"page","link":"https:\/\/prenzlberger-stimme.net\/?page_id=15430","title":{"rendered":"Freundschaftsspiel beim VfB Hermsdorf e.V"},"content":{"rendered":"<p><a href=\"https:\/\/www.prenzlberger-stimme.net\/wp-content\/uploads\/2011\/02\/1a.jpg\"><img loading=\"lazy\" decoding=\"async\" src=\"https:\/\/www.prenzlberger-stimme.net\/wp-content\/uploads\/2011\/02\/1a-284x300.jpg\" alt=\"\" title=\"1a\" width=\"284\" height=\"300\" class=\"alignleft size-medium wp-image-15436\" srcset=\"https:\/\/prenzlberger-stimme.net\/wp-content\/uploads\/2011\/02\/1a-284x300.jpg 284w, https:\/\/prenzlberger-stimme.net\/wp-content\/uploads\/2011\/02\/1a.jpg 798w\" sizes=\"auto, (max-width: 284px) 100vw, 284px\" \/><\/a><strong>Eigentlich sind Worte \u00fcberfl\u00fcssig: Wenn man Severin und Joo da so sitzen sieht, kann man sich auch ohne Text ungef\u00e4hr vorstellen, wie das Spiel gelaufen ist. Nein, doll war&#8217;s nicht.<br \/>\nEs war das erste Spiel, das die Rotationer in diesem Jahr au\u00dferhalb der Halle absolvierten, und offenbar mussten sie sich Jungs erst wieder an das Kicken an der frischen Luft gew\u00f6hnen. Dazu kam: Zwar schien die Sonne, als w\u00e4re man im zum Badeurlaub auf Mallorca &#8211; doch  das Thermometer zeigte Minusgrade an.  Andererseits: Die Hermsdorfer Spieler hatten es ja auch nicht w\u00e4rmer&#8230;<\/strong><\/p>\n<p>&nbsp;<\/p>\n<p>&nbsp;<\/p>\n<p><a href=\"https:\/\/www.prenzlberger-stimme.net\/wp-content\/uploads\/2011\/02\/215.jpg\"><img loading=\"lazy\" decoding=\"async\" src=\"https:\/\/www.prenzlberger-stimme.net\/wp-content\/uploads\/2011\/02\/215-300x186.jpg\" alt=\"\" title=\"2\" width=\"300\" height=\"186\" class=\"alignright size-medium wp-image-15439\" srcset=\"https:\/\/prenzlberger-stimme.net\/wp-content\/uploads\/2011\/02\/215-300x186.jpg 300w, https:\/\/prenzlberger-stimme.net\/wp-content\/uploads\/2011\/02\/215.jpg 450w\" sizes=\"auto, (max-width: 300px) 100vw, 300px\" \/><\/a> Das Spiel begann mit eindeutigen Rollenverteilungen: W\u00e4hrend die Mannschaft aus Hermsdorf spielte und st\u00fcrmte, standen die Prenzlauer Berger zun\u00e4chst etwas verwundert auf dem Feld, und harrten der Dinge, die da kommen sollten. Und sie kamen, ganz in Rot&#8230; .<\/p>\n<p>Die gesamte erste Halbzeit bestand im Gro\u00dfen und Ganzen aus dem Spiel auf ein Tor &#8211; auf das der Rotationer. Dass es am Ende der ersten H\u00e4lfte nur 0:1 gegen die Schwarz-Wei\u00dfen stand, war vor allem Mathis<br \/>\n<a href=\"https:\/\/www.prenzlberger-stimme.net\/wp-content\/uploads\/2011\/02\/316.jpg\"><img loading=\"lazy\" decoding=\"async\" src=\"https:\/\/www.prenzlberger-stimme.net\/wp-content\/uploads\/2011\/02\/316-300x173.jpg\" alt=\"\" title=\"3\" width=\"300\" height=\"173\" class=\"alignleft size-medium wp-image-15448\" srcset=\"https:\/\/prenzlberger-stimme.net\/wp-content\/uploads\/2011\/02\/316-300x173.jpg 300w, https:\/\/prenzlberger-stimme.net\/wp-content\/uploads\/2011\/02\/316.jpg 1024w\" sizes=\"auto, (max-width: 300px) 100vw, 300px\" \/><\/a><br \/>\nzu verdanken, der im Tor eine tolle Leistung zeigte.<br \/>\nAuch die zweite Halbzeit wurde nicht besser. Zwar kam nun etwas mehr Bewegung ins Spiel der Rotationer &#8211; doch von einem Stellungsspiel war nichts zu sehen. Jeder lief dorthin, wo es ihm gerade passte. Der Trainer hatte zeitweilig mit L\u00e4hmungserscheinungen seiner Stimmb\u00e4nder zu k\u00e4mpfen&#8230;<\/p>\n<p><a href=\"https:\/\/www.prenzlberger-stimme.net\/wp-content\/uploads\/2011\/02\/612.jpg\"><img loading=\"lazy\" decoding=\"async\" src=\"https:\/\/www.prenzlberger-stimme.net\/wp-content\/uploads\/2011\/02\/612-300x158.jpg\" alt=\"\" title=\"6\" width=\"300\" height=\"158\" class=\"alignright size-medium wp-image-15460\" srcset=\"https:\/\/prenzlberger-stimme.net\/wp-content\/uploads\/2011\/02\/612-300x158.jpg 300w, https:\/\/prenzlberger-stimme.net\/wp-content\/uploads\/2011\/02\/612.jpg 1024w\" sizes=\"auto, (max-width: 300px) 100vw, 300px\" \/><\/a>Aus unerfindlichen Gr\u00fcnden schossen die Hermsdorfer dennoch nur zwei weitere Tore zum 0:3 Endstand. Aber was hei\u00dft hier Endstand? Aus denn ad hoc beschlossen  die Trainer beider Mannschaftenn eine dritte Halbzeit (wie das an sich gehen soll, m\u00fcssten Mathematiker mal genauer erkl\u00e4ren&#8230;) &#8211; und so ging das Leiden weiter. Zum Schluss stand es dann 0:6 &#8211; anderen behaupteten sogar, noch ein siebtes Tor der Hermsdorfer gesehen zu haben&#8230;<br \/>\n <a href=\"https:\/\/www.prenzlberger-stimme.net\/wp-content\/uploads\/2011\/02\/511.jpg\"><img loading=\"lazy\" decoding=\"async\" src=\"https:\/\/www.prenzlberger-stimme.net\/wp-content\/uploads\/2011\/02\/511-224x300.jpg\" alt=\"\" title=\"OLYMPUS DIGITAL CAMERA\" width=\"224\" height=\"300\" class=\"alignleft size-medium wp-image-15463\" srcset=\"https:\/\/prenzlberger-stimme.net\/wp-content\/uploads\/2011\/02\/511-224x300.jpg 224w, https:\/\/prenzlberger-stimme.net\/wp-content\/uploads\/2011\/02\/511-767x1024.jpg 767w, https:\/\/prenzlberger-stimme.net\/wp-content\/uploads\/2011\/02\/511.jpg 800w\" sizes=\"auto, (max-width: 224px) 100vw, 224px\" \/><\/a><br \/>\n.<br \/>\nTrainer Sascha Kummer sah  jedenfalls D\u00fcsteres f\u00fcr die Zukunft heraufziehen: &#8222;Was, wenn die Jungs nun die ganze Saison so weiterspielen&#8230;?&#8220;<br \/>\nNa, so schlimm wird&#8217;s schon nicht kommen. Mit Sicherheit war es vor allem die Umstellung von der Halle auf den Kunstrasenplatz, die die Mannschaft noch nicht so richtig realisiert hatte. Dasselbe Problem gab es ja auch zum Beginn der Hallensaison. Die ersten beiden Turniere: Grauenhaft. Dann aber Drei Turniersiege hintereinander.<br \/>\nEs gibt also noch Hoffnung, lieber Trainer&#8230;<\/p>\n<p>&nbsp;<\/p>\n<p>&nbsp;<\/p>\n<p><a href=\"https:\/\/www.prenzlberger-stimme.net\/wp-content\/uploads\/2011\/02\/712.jpg\"><img loading=\"lazy\" decoding=\"async\" src=\"https:\/\/www.prenzlberger-stimme.net\/wp-content\/uploads\/2011\/02\/712.jpg\" alt=\"\" title=\"OLYMPUS DIGITAL CAMERA\" width=\"650\" height=\"488\" class=\"alignleft size-full wp-image-15469\" srcset=\"https:\/\/prenzlberger-stimme.net\/wp-content\/uploads\/2011\/02\/712.jpg 650w, https:\/\/prenzlberger-stimme.net\/wp-content\/uploads\/2011\/02\/712-300x225.jpg 300w\" sizes=\"auto, (max-width: 650px) 100vw, 650px\" \/><\/a><\/p>\n<h3><a href=\"https:\/\/www.prenzlberger-stimme.net\/?page_id=2742\"> Zur\u00fcck zur Hauptseite \u201cRolle, rolle \u2013 Rotation!\u201d<\/a><\/h3>\n","protected":false},"excerpt":{"rendered":"<p>Eigentlich sind Worte \u00fcberfl\u00fcssig: Wenn man Severin und Joo da so sitzen sieht, kann man sich auch ohne Text ungef\u00e4hr vorstellen, wie das Spiel gelaufen ist. Nein, doll war&#8217;s nicht. Es war das erste Spiel, das die Rotationer in diesem Jahr au\u00dferhalb der Halle absolvierten, und offenbar mussten sie sich Jungs erst wieder an das [&hellip;]<\/p>\n","protected":false},"author":1,"featured_media":0,"parent":2742,"menu_order":9765,"comment_status":"open","ping_status":"closed","template":"","meta":{"_monsterinsights_skip_tracking":false,"_monsterinsights_sitenote_active":false,"_monsterinsights_sitenote_note":"","_monsterinsights_sitenote_category":0,"ngg_post_thumbnail":0,"footnotes":""},"categories":[],"tags":[],"class_list":["post-15430","page","type-page","status-publish","hentry"],"aioseo_notices":[],"_links":{"self":[{"href":"https:\/\/prenzlberger-stimme.net\/index.php?rest_route=\/wp\/v2\/pages\/15430","targetHints":{"allow":["GET"]}}],"collection":[{"href":"https:\/\/prenzlberger-stimme.net\/index.php?rest_route=\/wp\/v2\/pages"}],"about":[{"href":"https:\/\/prenzlberger-stimme.net\/index.php?rest_route=\/wp\/v2\/types\/page"}],"author":[{"embeddable":true,"href":"https:\/\/prenzlberger-stimme.net\/index.php?rest_route=\/wp\/v2\/users\/1"}],"replies":[{"embeddable":true,"href":"https:\/\/prenzlberger-stimme.net\/index.php?rest_route=%2Fwp%2Fv2%2Fcomments&post=15430"}],"version-history":[{"count":0,"href":"https:\/\/prenzlberger-stimme.net\/index.php?rest_route=\/wp\/v2\/pages\/15430\/revisions"}],"up":[{"embeddable":true,"href":"https:\/\/prenzlberger-stimme.net\/index.php?rest_route=\/wp\/v2\/pages\/2742"}],"wp:attachment":[{"href":"https:\/\/prenzlberger-stimme.net\/index.php?rest_route=%2Fwp%2Fv2%2Fmedia&parent=15430"}],"wp:term":[{"taxonomy":"category","embeddable":true,"href":"https:\/\/prenzlberger-stimme.net\/index.php?rest_route=%2Fwp%2Fv2%2Fcategories&post=15430"},{"taxonomy":"post_tag","embeddable":true,"href":"https:\/\/prenzlberger-stimme.net\/index.php?rest_route=%2Fwp%2Fv2%2Ftags&post=15430"}],"curies":[{"name":"wp","href":"https:\/\/api.w.org\/{rel}","templated":true}]}}