{"id":26844,"date":"2011-07-26T14:24:52","date_gmt":"2011-07-26T12:24:52","guid":{"rendered":"http:\/\/www.prenzlberger-stimme.de\/?page_id=26844"},"modified":"2015-07-27T07:43:54","modified_gmt":"2015-07-27T05:43:54","slug":"sg-nordring-blau-weis-berolina-mitte","status":"publish","type":"page","link":"https:\/\/prenzlberger-stimme.net\/?page_id=26844","title":{"rendered":"SG Nordring &#8211; Blau Wei\u00df Berolina Mitte"},"content":{"rendered":"<p><a href=\"https:\/\/www.prenzlberger-stimme.net\/wp-content\/uploads\/2011\/07\/120.jpg\"><img loading=\"lazy\" decoding=\"async\" src=\"https:\/\/www.prenzlberger-stimme.net\/wp-content\/uploads\/2011\/07\/120.jpg\" alt=\"\" title=\"1\" width=\"660\" height=\"493\" class=\"alignleft size-full wp-image-26845\" srcset=\"https:\/\/prenzlberger-stimme.net\/wp-content\/uploads\/2011\/07\/120.jpg 660w, https:\/\/prenzlberger-stimme.net\/wp-content\/uploads\/2011\/07\/120-300x224.jpg 300w\" sizes=\"auto, (max-width: 660px) 100vw, 660px\" \/><br \/>\n&nbsp;<br \/>\n<\/a><br \/>\n<a href=\"https:\/\/www.prenzlberger-stimme.net\/wp-content\/uploads\/2011\/07\/215.jpg\"><img loading=\"lazy\" decoding=\"async\" src=\"https:\/\/www.prenzlberger-stimme.net\/wp-content\/uploads\/2011\/07\/215-300x136.jpg\" alt=\"\" title=\"2\" width=\"300\" height=\"136\" class=\"alignleft size-medium wp-image-26847\" srcset=\"https:\/\/prenzlberger-stimme.net\/wp-content\/uploads\/2011\/07\/215-300x136.jpg 300w, https:\/\/prenzlberger-stimme.net\/wp-content\/uploads\/2011\/07\/215.jpg 1024w\" sizes=\"auto, (max-width: 300px) 100vw, 300px\" \/><\/a>Ein Fu\u00dfballtor ist 7,32 m breit und 2,44 m hoch &#8211; viel Platz also, um  dort einen Ball mit knapp 22 Zentimeter Durchmesser unterzubringen. Ein Pfosten ist nur um die zw\u00f6lf Zentimeter stark. Da muss man schon sehr genau zielen, um ihn aus elf Meter Entfernung  zu treffen.<br \/>\nAstrid Feta zielte genau, sehr genau. Dann nahm er Anlauf und setzte einen mordsm\u00e4\u00dfigen Schuss ab &#8211; zum Gl\u00fcck war die Torkonstruktion gut im Boden verankert&#8230; .<\/p>\n<p><a href=\"https:\/\/www.prenzlberger-stimme.net\/wp-content\/uploads\/2011\/07\/510.jpg\"><img loading=\"lazy\" decoding=\"async\" src=\"https:\/\/www.prenzlberger-stimme.net\/wp-content\/uploads\/2011\/07\/510-300x209.jpg\" alt=\"\" title=\"5\" width=\"300\" height=\"209\" class=\"alignright size-medium wp-image-26852\" srcset=\"https:\/\/prenzlberger-stimme.net\/wp-content\/uploads\/2011\/07\/510-300x209.jpg 300w, https:\/\/prenzlberger-stimme.net\/wp-content\/uploads\/2011\/07\/510.jpg 1024w\" sizes=\"auto, (max-width: 300px) 100vw, 300px\" \/><\/a>Ein Fu\u00dfballer hat im Allgemeinen einen etwas st\u00e4rkeren Um-<br \/>\nfang als ein Torpfosten. Und Nordring hat sogar einige beson-<br \/>\nders kr\u00e4ftige Spielerexemplare vorzuweisen: Gro\u00df, muskulk\u00f6s, un\u00fcbersehbar. Es m\u00fcsste also um ein Vielfaches leichter sei, einen Spieler der eigenen Mannschaft beim Zuspiel zu treffen, als das d\u00fcnne Torrohr. Zumal die eigenen Mannschaftskame-<br \/>\nraden die selben Klamotten tragen, wie man selbst. Um Ver-<br \/>\nwechslungen auszuschlie\u00dfen.<br \/>\nAber ach&#8230; &#8211; w\u00e4re am Sonnabend ein &#8222;Mister Fehlpass&#8220; ge-<br \/>\nw\u00e4hlt worden, es h\u00e4tte ein Gruppenfoto in Gelbrot gemacht werden m\u00fcssen. Und das war l\u00e4ngst nicht alles&#8230; .<\/p>\n<p><a href=\"https:\/\/www.prenzlberger-stimme.net\/wp-content\/uploads\/2011\/07\/69.jpg\"><img loading=\"lazy\" decoding=\"async\" src=\"https:\/\/www.prenzlberger-stimme.net\/wp-content\/uploads\/2011\/07\/69-300x192.jpg\" alt=\"\" title=\"6\" width=\"300\" height=\"192\" class=\"alignleft size-medium wp-image-26856\" srcset=\"https:\/\/prenzlberger-stimme.net\/wp-content\/uploads\/2011\/07\/69-300x192.jpg 300w, https:\/\/prenzlberger-stimme.net\/wp-content\/uploads\/2011\/07\/69.jpg 500w\" sizes=\"auto, (max-width: 300px) 100vw, 300px\" \/><\/a>Die erste halbe Stunde war &#8211; immerhin! &#8211; noch ertr\u00e4glich. Berolina Mitte &#8211; dem Vernehmen nach fast ausschlie\u00dflich mit Spielern der 2. Herrenmannschaft besetzt, versuchte das, was Nordring an Kraft aufzubieten hatte, mittels Technik und Gewandtheit auszugleichen. Das gelang zunehmend besser und da auch der Kampfgeist der Berolinen stimmte, hielten die G\u00e4ste aus Mitte nicht nur mit, sondern hatten zeitweise sogar leichte Feldvorteile. Und bis zu Fetas vergebenen Strafsto\u00df in der 37. Minute, der Nordring h\u00e4tte in F\u00fchrung bringen k\u00f6nnen, spielte die Mannschaft so, dass man h\u00e4tte sagen k\u00f6nne: Naja, halt mal einen schlechten Tag erwischt. Aber dann&#8230; <\/p>\n<p><a href=\"https:\/\/www.prenzlberger-stimme.net\/wp-content\/uploads\/2011\/07\/93.jpg\"><img loading=\"lazy\" decoding=\"async\" src=\"https:\/\/www.prenzlberger-stimme.net\/wp-content\/uploads\/2011\/07\/93-300x220.jpg\" alt=\"\" title=\"9\" width=\"300\" height=\"220\" class=\"alignright size-medium wp-image-26861\" srcset=\"https:\/\/prenzlberger-stimme.net\/wp-content\/uploads\/2011\/07\/93-300x220.jpg 300w, https:\/\/prenzlberger-stimme.net\/wp-content\/uploads\/2011\/07\/93.jpg 500w\" sizes=\"auto, (max-width: 300px) 100vw, 300px\" \/><\/a>Zweik\u00e4mpfe ohne K\u00f6rperkontakt gingen reihenweise verloren, die Gelbroten irrten zuweilen v\u00f6llig orientierunglos auf dem Platz herum &#8211; und das nicht selten in einer Geschwindigkeit, bei der man spontan dachte: Immer diese ewigen Zeitlupe-Wiederholungen!<br \/>\nNach der Halbzeitpause hofften viele auf einen Ruck in der Prenzlauer Berger Mannschaft &#8211; vergebens. Berolina Mitte hingegen dominierte mittlerweile das Spiel und stellte schlie\u00df-<br \/>\nlich mit einem Doppelschlag (Norman Triebel in der 51. und Steven Buchweitz in der 52. Minute) auch torm\u00e4\u00dfig den geb\u00fchrenden Abstand zu den Platzherren vom Teschsport-<br \/>\nplatz her. <\/p>\n<p><a href=\"https:\/\/www.prenzlberger-stimme.net\/wp-content\/uploads\/2011\/07\/74.jpg\"><img loading=\"lazy\" decoding=\"async\" src=\"https:\/\/www.prenzlberger-stimme.net\/wp-content\/uploads\/2011\/07\/74-300x215.jpg\" alt=\"\" title=\"7\" width=\"300\" height=\"215\" class=\"alignleft size-medium wp-image-26883\" srcset=\"https:\/\/prenzlberger-stimme.net\/wp-content\/uploads\/2011\/07\/74-300x215.jpg 300w, https:\/\/prenzlberger-stimme.net\/wp-content\/uploads\/2011\/07\/74.jpg 600w\" sizes=\"auto, (max-width: 300px) 100vw, 300px\" \/><\/a>Wer wenigstens jetzt ein Aufb\u00e4umen von Nordring erwartet hatte, wurde erneut entt\u00e4uscht. Die Fehlpassrate kam der 100-Prozent-Marke ziemlich nahe, die Laufbereitschaft nahm noch einmal rapide ab und nur noch ganz selten gl\u00fcckte der Mannschaft von Nordring ein Vorsto\u00df in Richtung gegne-<br \/>\nrisches Tor. Ein solch seltenes Ereignis f\u00fchrte dann auch zum Anschlusstreffer. Der an diesem Tag ebenfalls weit unter seinen M\u00f6glichkeiten bleibende Astrid Feta st\u00fcrmte nach vorn, \u00fcberlief den bereits am Boden liegenden Bero-Tormann, Nalbach flitzte herbei um f\u00fcr seinen geschlagenen Keeper zu retten und knallte dabei die Kugel ins eigene Tor. Am Ende blieb es beim 2:1 f\u00fcr Berolina. Mehr als verdient.<\/p>\n<p>&nbsp;<\/p>\n<p><a href=\"https:\/\/www.prenzlberger-stimme.net\/wp-content\/uploads\/2011\/07\/82.jpg\"><img loading=\"lazy\" decoding=\"async\" src=\"https:\/\/www.prenzlberger-stimme.net\/wp-content\/uploads\/2011\/07\/82.jpg\" alt=\"\" title=\"8\" width=\"660\" height=\"425\" class=\"alignleft size-full wp-image-26887\" srcset=\"https:\/\/prenzlberger-stimme.net\/wp-content\/uploads\/2011\/07\/82.jpg 660w, https:\/\/prenzlberger-stimme.net\/wp-content\/uploads\/2011\/07\/82-300x193.jpg 300w\" sizes=\"auto, (max-width: 660px) 100vw, 660px\" \/><\/a><\/p>\n<p> <\/p>\n<p>&nbsp;<\/p>\n<p> <\/p>\n<p>&nbsp;<\/p>\n<p><strong>Die Bilder vom Spiel kann man sich als Dia-(\u201cSlide\u201d)Show ansehen, wenn man auf <em>PicLens <\/em>klickt<\/strong>.<\/p>\n<p>ngg_shortcode_0_placeholder<br \/>\n <\/p>\n<p>&nbsp;<\/p>\n<p> <\/p>\n<p>&nbsp;<\/p>\n<h3><a href=\"https:\/\/www.prenzlberger-stimme.net\/?page_id=25740\"> Zur\u00fcck zur Hauptseite des 54. Exerpokals 2011<\/a><\/h3>\n<p> <\/p>\n<p>&nbsp;<\/p>\n","protected":false},"excerpt":{"rendered":"<p>&nbsp; Ein Fu\u00dfballtor ist 7,32 m breit und 2,44 m hoch &#8211; viel Platz also, um dort einen Ball mit knapp 22 Zentimeter Durchmesser unterzubringen. Ein Pfosten ist nur um die zw\u00f6lf Zentimeter stark. Da muss man schon sehr genau zielen, um ihn aus elf Meter Entfernung zu treffen. Astrid Feta zielte genau, sehr genau. [&hellip;]<\/p>\n","protected":false},"author":1,"featured_media":0,"parent":25740,"menu_order":0,"comment_status":"open","ping_status":"open","template":"","meta":{"_monsterinsights_skip_tracking":false,"_monsterinsights_sitenote_active":false,"_monsterinsights_sitenote_note":"","_monsterinsights_sitenote_category":0,"ngg_post_thumbnail":0,"footnotes":""},"categories":[],"tags":[],"class_list":["post-26844","page","type-page","status-publish","hentry"],"aioseo_notices":[],"_links":{"self":[{"href":"https:\/\/prenzlberger-stimme.net\/index.php?rest_route=\/wp\/v2\/pages\/26844","targetHints":{"allow":["GET"]}}],"collection":[{"href":"https:\/\/prenzlberger-stimme.net\/index.php?rest_route=\/wp\/v2\/pages"}],"about":[{"href":"https:\/\/prenzlberger-stimme.net\/index.php?rest_route=\/wp\/v2\/types\/page"}],"author":[{"embeddable":true,"href":"https:\/\/prenzlberger-stimme.net\/index.php?rest_route=\/wp\/v2\/users\/1"}],"replies":[{"embeddable":true,"href":"https:\/\/prenzlberger-stimme.net\/index.php?rest_route=%2Fwp%2Fv2%2Fcomments&post=26844"}],"version-history":[{"count":0,"href":"https:\/\/prenzlberger-stimme.net\/index.php?rest_route=\/wp\/v2\/pages\/26844\/revisions"}],"up":[{"embeddable":true,"href":"https:\/\/prenzlberger-stimme.net\/index.php?rest_route=\/wp\/v2\/pages\/25740"}],"wp:attachment":[{"href":"https:\/\/prenzlberger-stimme.net\/index.php?rest_route=%2Fwp%2Fv2%2Fmedia&parent=26844"}],"wp:term":[{"taxonomy":"category","embeddable":true,"href":"https:\/\/prenzlberger-stimme.net\/index.php?rest_route=%2Fwp%2Fv2%2Fcategories&post=26844"},{"taxonomy":"post_tag","embeddable":true,"href":"https:\/\/prenzlberger-stimme.net\/index.php?rest_route=%2Fwp%2Fv2%2Ftags&post=26844"}],"curies":[{"name":"wp","href":"https:\/\/api.w.org\/{rel}","templated":true}]}}