{"id":30579,"date":"2011-09-12T15:06:45","date_gmt":"2011-09-12T13:06:45","guid":{"rendered":"http:\/\/www.prenzlberger-stimme.de\/?page_id=30579"},"modified":"2011-09-13T09:43:51","modified_gmt":"2011-09-13T07:43:51","slug":"freundschaftsspiel-gegen-sv-norden-nordwest-1898","status":"publish","type":"page","link":"https:\/\/prenzlberger-stimme.net\/?page_id=30579","title":{"rendered":"Freundschaftsspiel gegen SV Norden-Nordwest 1898"},"content":{"rendered":"<p><a href=\"https:\/\/www.prenzlberger-stimme.net\/wp-content\/uploads\/2011\/09\/126.jpg\"><img loading=\"lazy\" decoding=\"async\" src=\"https:\/\/www.prenzlberger-stimme.net\/wp-content\/uploads\/2011\/09\/126.jpg\" alt=\"\" title=\"SONY DSC\" width=\"660\" height=\"649\" class=\"alignleft size-full wp-image-30580\" srcset=\"https:\/\/prenzlberger-stimme.net\/wp-content\/uploads\/2011\/09\/126.jpg 660w, https:\/\/prenzlberger-stimme.net\/wp-content\/uploads\/2011\/09\/126-300x295.jpg 300w\" sizes=\"auto, (max-width: 660px) 100vw, 660px\" \/><\/a><\/p>\n<p><a href=\"https:\/\/www.prenzlberger-stimme.net\/wp-content\/uploads\/2011\/09\/217.jpg\"><img loading=\"lazy\" decoding=\"async\" src=\"https:\/\/www.prenzlberger-stimme.net\/wp-content\/uploads\/2011\/09\/217-300x155.jpg\" alt=\"\" title=\"SONY DSC\" width=\"300\" height=\"155\" class=\"alignleft size-medium wp-image-30581\" srcset=\"https:\/\/prenzlberger-stimme.net\/wp-content\/uploads\/2011\/09\/217-300x155.jpg 300w, https:\/\/prenzlberger-stimme.net\/wp-content\/uploads\/2011\/09\/217.jpg 1024w\" sizes=\"auto, (max-width: 300px) 100vw, 300px\" \/><\/a>Das Spiel hatte gerade begonnen, da h\u00f6rte man Trainer Sascha Kummer schon  rufen: &#8222;Ran Ran, lasst die Jungs doch nicht lau&#8230;&#8220; &#8211; weiter kam er nicht, denn das 1:0 f\u00fcr NNW 98 war gefallen. Upps, dachten die Beobachter an der Seitenlinie, das kann ja was werden. Wurde es auch, aber anders, als es nach der ersten Minute aussah.<\/p>\n<p>Es entwickelte sich ein kampfstarkes Spiel, in dem die Jungs aus der Tescharena mit fortlaufender Spieldauer die Initiative <\/p>\n<p><a href=\"https:\/\/www.prenzlberger-stimme.net\/wp-content\/uploads\/2011\/09\/410.jpg\"><img loading=\"lazy\" decoding=\"async\" src=\"https:\/\/www.prenzlberger-stimme.net\/wp-content\/uploads\/2011\/09\/410-300x229.jpg\" alt=\"\" title=\"SONY DSC\" width=\"300\" height=\"229\" class=\"alignright size-medium wp-image-30587\" srcset=\"https:\/\/prenzlberger-stimme.net\/wp-content\/uploads\/2011\/09\/410-300x229.jpg 300w, https:\/\/prenzlberger-stimme.net\/wp-content\/uploads\/2011\/09\/410.jpg 1024w\" sizes=\"auto, (max-width: 300px) 100vw, 300px\" \/><\/a>an sich rissen. Gutes Kombinationsspiel \u00fcber die gesamte Breite des Spielfeldes war zu sehen. Rechts st\u00fcrmte Karl, links nahm Joo immer wieder Fahrt auf und in der Mitte wirbelten Ferdinand und Jonathan. Diese vier waren es, die eine verdiente 3:1-Halbzeitf\u00fchrung f\u00fcr Rotation herausschossen &#8211; naja, der \u00fcberragende Jonathan schoss die drei Tore, aber zustande kamen sie durch gute Angriffe der Offensivabteilung.<\/p>\n<p>Mit Beginn der zweiten Halbzeit war schnell zu erkennen, dass sich NNW 98 einiges vorgenommen hatte. Der Druck auf das von Aguibou geh\u00fctete Tor der Schwarz-Wei\u00dfen Kicker aus dem Prenzlauer Berg nahm zu. Trotzdem war das Gl\u00fcck nicht auf Seiten von NNW 98, denn der Ball wollte trotz bester M\u00f6glichkeiten nicht ins Tor des Gegners.<\/p>\n<p><a href=\"https:\/\/www.prenzlberger-stimme.net\/wp-content\/uploads\/2011\/09\/55.jpg\"><img loading=\"lazy\" decoding=\"async\" src=\"https:\/\/www.prenzlberger-stimme.net\/wp-content\/uploads\/2011\/09\/55-235x300.jpg\" alt=\"\" title=\"SONY DSC\" width=\"235\" height=\"300\" class=\"alignleft size-medium wp-image-30589\" srcset=\"https:\/\/prenzlberger-stimme.net\/wp-content\/uploads\/2011\/09\/55-235x300.jpg 235w, https:\/\/prenzlberger-stimme.net\/wp-content\/uploads\/2011\/09\/55.jpg 800w\" sizes=\"auto, (max-width: 235px) 100vw, 235px\" \/><\/a>Was dann passierte, muss man wohl mit dem oft gebrauchten Satz: &#8222;&#8230; ein Spiel aus der Hand geben!&#8220; umschreiben. Freisto\u00df von Rotation in der eigenen Spielfeldh\u00e4lfte, ausgef\u00fchrt vom Torwart &#8211; allerdings direkt zum Gegner, der das Geschenk dankend annimmt und in das noch verwaiste Tor schiebt. Drei Minuten sp\u00e4ter Abwurf vom Torwart auf den Gegner, der per Kopf den Ausgleich macht. W\u00e4hrend alle Rotationer noch verdutzt den Kopf sch\u00fcttelten, nutzten die Weddinger die Konfusion und schossen die Tore Nummer Vier und F\u00fcnf. Aus einer Zwei-Tore-F\u00fchrung war nun innerhalb von nicht einmal zehn Minuten ein Zwei-Tore-R\u00fcckstand geworden.<\/p>\n<p>Von diesem Schock konnten sich die Rotationer nicht mehr erholen. Auch wenn der zwischenzeitliche Ausgleich zum 6:6 gelang, stand am Ende eine 6:8 Niederlage zu Buche. Von verdient oder unverdient m\u00f6chte der Berichterstatter hier gar nicht sprechen, sondern eher von: Lehrreich! Lehrreich deswegen, weil f\u00fcr jeden Spieler heute deutlich zu erkennen<a href=\"https:\/\/www.prenzlberger-stimme.net\/wp-content\/uploads\/2011\/09\/68.jpg\"><img loading=\"lazy\" decoding=\"async\" src=\"https:\/\/www.prenzlberger-stimme.net\/wp-content\/uploads\/2011\/09\/68-300x237.jpg\" alt=\"\" title=\"SONY DSC\" width=\"300\" height=\"237\" class=\"alignright size-medium wp-image-30595\" srcset=\"https:\/\/prenzlberger-stimme.net\/wp-content\/uploads\/2011\/09\/68-300x237.jpg 300w, https:\/\/prenzlberger-stimme.net\/wp-content\/uploads\/2011\/09\/68.jpg 1024w\" sizes=\"auto, (max-width: 300px) 100vw, 300px\" \/><\/a> war, was passieren kann, wenn die Konzentration nur f\u00fcr einen kurzen Moment nicht da ist.<\/p>\n<p>Fazit: Keine dramatische Niederlage, sondern ein wirklich gutes Spiel mit einer sehr guten ersten Halbzeit von Rotation und einer kuriosen Zweiten. Die h\u00e4ngenden K\u00f6pfe nebst feuchten Augen nach dem Spiel sprachen heute B\u00e4nde&#8230;<\/p>\n<p><a href=\"https:\/\/www.prenzlberger-stimme.net\/wp-content\/uploads\/2011\/09\/Rotation-logo.jpg\"><img loading=\"lazy\" decoding=\"async\" src=\"https:\/\/www.prenzlberger-stimme.net\/wp-content\/uploads\/2011\/09\/Rotation-logo.jpg\" alt=\"\" title=\"Rotation logo\" width=\"101\" height=\"98\" class=\"alignright size-full wp-image-29937\" \/><\/a><br \/>\n <\/p>\n<p>&nbsp;<\/p>\n<p> <\/p>\n<p>&nbsp;<\/p>\n<p> <\/p>\n<p>&nbsp;<\/p>\n<p> <\/p>\n<p>&nbsp;<\/p>\n<p><a href=\"https:\/\/www.prenzlberger-stimme.net\/wp-content\/uploads\/2011\/09\/76.jpg\"><img loading=\"lazy\" decoding=\"async\" src=\"https:\/\/www.prenzlberger-stimme.net\/wp-content\/uploads\/2011\/09\/76.jpg\" alt=\"\" title=\"SONY DSC\" width=\"660\" height=\"616\" class=\"alignleft size-full wp-image-30602\" srcset=\"https:\/\/prenzlberger-stimme.net\/wp-content\/uploads\/2011\/09\/76.jpg 660w, https:\/\/prenzlberger-stimme.net\/wp-content\/uploads\/2011\/09\/76-300x280.jpg 300w\" sizes=\"auto, (max-width: 660px) 100vw, 660px\" \/><\/a><\/p>\n<p><a href=\"https:\/\/www.prenzlberger-stimme.net\/wp-content\/uploads\/2011\/09\/87.jpg\"><img loading=\"lazy\" decoding=\"async\" src=\"https:\/\/www.prenzlberger-stimme.net\/wp-content\/uploads\/2011\/09\/87.jpg\" alt=\"\" title=\"SONY DSC\" width=\"660\" height=\"349\" class=\"alignleft size-full wp-image-30603\" srcset=\"https:\/\/prenzlberger-stimme.net\/wp-content\/uploads\/2011\/09\/87.jpg 660w, https:\/\/prenzlberger-stimme.net\/wp-content\/uploads\/2011\/09\/87-300x158.jpg 300w\" sizes=\"auto, (max-width: 660px) 100vw, 660px\" \/><\/a><\/p>\n<p><a href=\"https:\/\/www.prenzlberger-stimme.net\/wp-content\/uploads\/2011\/09\/910.jpg\"><img loading=\"lazy\" decoding=\"async\" src=\"https:\/\/www.prenzlberger-stimme.net\/wp-content\/uploads\/2011\/09\/910.jpg\" alt=\"\" title=\"SONY DSC\" width=\"660\" height=\"300\" class=\"alignleft size-full wp-image-30604\" srcset=\"https:\/\/prenzlberger-stimme.net\/wp-content\/uploads\/2011\/09\/910.jpg 660w, https:\/\/prenzlberger-stimme.net\/wp-content\/uploads\/2011\/09\/910-300x136.jpg 300w\" sizes=\"auto, (max-width: 660px) 100vw, 660px\" \/><\/a><\/p>\n<p><a href=\"https:\/\/www.prenzlberger-stimme.net\/wp-content\/uploads\/2011\/09\/107.jpg\"><img loading=\"lazy\" decoding=\"async\" src=\"https:\/\/www.prenzlberger-stimme.net\/wp-content\/uploads\/2011\/09\/107.jpg\" alt=\"\" title=\"SONY DSC\" width=\"660\" height=\"401\" class=\"alignleft size-full wp-image-30606\" srcset=\"https:\/\/prenzlberger-stimme.net\/wp-content\/uploads\/2011\/09\/107.jpg 660w, https:\/\/prenzlberger-stimme.net\/wp-content\/uploads\/2011\/09\/107-300x182.jpg 300w\" sizes=\"auto, (max-width: 660px) 100vw, 660px\" \/><\/a><\/p>\n<p><a href=\"https:\/\/www.prenzlberger-stimme.net\/wp-content\/uploads\/2011\/09\/127.jpg\"><img loading=\"lazy\" decoding=\"async\" src=\"https:\/\/www.prenzlberger-stimme.net\/wp-content\/uploads\/2011\/09\/127.jpg\" alt=\"\" title=\"SONY DSC\" width=\"660\" height=\"449\" class=\"alignleft size-full wp-image-30607\" srcset=\"https:\/\/prenzlberger-stimme.net\/wp-content\/uploads\/2011\/09\/127.jpg 660w, https:\/\/prenzlberger-stimme.net\/wp-content\/uploads\/2011\/09\/127-300x204.jpg 300w\" sizes=\"auto, (max-width: 660px) 100vw, 660px\" \/><\/a><\/p>\n<p><a href=\"https:\/\/www.prenzlberger-stimme.net\/wp-content\/uploads\/2011\/09\/135.jpg\"><img loading=\"lazy\" decoding=\"async\" src=\"https:\/\/www.prenzlberger-stimme.net\/wp-content\/uploads\/2011\/09\/135.jpg\" alt=\"\" title=\"SONY DSC\" width=\"660\" height=\"435\" class=\"alignleft size-full wp-image-30608\" srcset=\"https:\/\/prenzlberger-stimme.net\/wp-content\/uploads\/2011\/09\/135.jpg 660w, https:\/\/prenzlberger-stimme.net\/wp-content\/uploads\/2011\/09\/135-300x197.jpg 300w\" sizes=\"auto, (max-width: 660px) 100vw, 660px\" \/><\/a><\/p>\n<p><a href=\"https:\/\/www.prenzlberger-stimme.net\/wp-content\/uploads\/2011\/09\/20110908B_014.jpg\"><img loading=\"lazy\" decoding=\"async\" src=\"https:\/\/www.prenzlberger-stimme.net\/wp-content\/uploads\/2011\/09\/20110908B_014.jpg\" alt=\"\" title=\"SONY DSC\" width=\"759\" height=\"786\" class=\"alignleft size-full wp-image-30609\" srcset=\"https:\/\/prenzlberger-stimme.net\/wp-content\/uploads\/2011\/09\/20110908B_014.jpg 759w, https:\/\/prenzlberger-stimme.net\/wp-content\/uploads\/2011\/09\/20110908B_014-289x300.jpg 289w\" sizes=\"auto, (max-width: 759px) 100vw, 759px\" \/><\/a><\/p>\n<p><a href=\"https:\/\/www.prenzlberger-stimme.net\/wp-content\/uploads\/2011\/09\/155.jpg\"><img loading=\"lazy\" decoding=\"async\" src=\"https:\/\/www.prenzlberger-stimme.net\/wp-content\/uploads\/2011\/09\/155.jpg\" alt=\"\" title=\"SONY DSC\" width=\"660\" height=\"367\" class=\"alignleft size-full wp-image-30610\" srcset=\"https:\/\/prenzlberger-stimme.net\/wp-content\/uploads\/2011\/09\/155.jpg 660w, https:\/\/prenzlberger-stimme.net\/wp-content\/uploads\/2011\/09\/155-300x166.jpg 300w\" sizes=\"auto, (max-width: 660px) 100vw, 660px\" \/><\/a><\/p>\n<p><a href=\"https:\/\/www.prenzlberger-stimme.net\/wp-content\/uploads\/2011\/09\/165.jpg\"><img loading=\"lazy\" decoding=\"async\" src=\"https:\/\/www.prenzlberger-stimme.net\/wp-content\/uploads\/2011\/09\/165.jpg\" alt=\"\" title=\"SONY DSC\" width=\"660\" height=\"393\" class=\"alignleft size-full wp-image-30611\" srcset=\"https:\/\/prenzlberger-stimme.net\/wp-content\/uploads\/2011\/09\/165.jpg 660w, https:\/\/prenzlberger-stimme.net\/wp-content\/uploads\/2011\/09\/165-300x178.jpg 300w\" sizes=\"auto, (max-width: 660px) 100vw, 660px\" \/><\/a><\/p>\n<p><a href=\"https:\/\/www.prenzlberger-stimme.net\/wp-content\/uploads\/2011\/09\/176.jpg\"><img loading=\"lazy\" decoding=\"async\" src=\"https:\/\/www.prenzlberger-stimme.net\/wp-content\/uploads\/2011\/09\/176.jpg\" alt=\"\" title=\"SONY DSC\" width=\"660\" height=\"225\" class=\"alignleft size-full wp-image-30612\" srcset=\"https:\/\/prenzlberger-stimme.net\/wp-content\/uploads\/2011\/09\/176.jpg 660w, https:\/\/prenzlberger-stimme.net\/wp-content\/uploads\/2011\/09\/176-300x102.jpg 300w\" sizes=\"auto, (max-width: 660px) 100vw, 660px\" \/><\/a><\/p>\n<p><a href=\"https:\/\/www.prenzlberger-stimme.net\/wp-content\/uploads\/2011\/09\/185.jpg\"><img loading=\"lazy\" decoding=\"async\" src=\"https:\/\/www.prenzlberger-stimme.net\/wp-content\/uploads\/2011\/09\/185.jpg\" alt=\"\" title=\"SONY DSC\" width=\"660\" height=\"365\" class=\"alignleft size-full wp-image-30613\" srcset=\"https:\/\/prenzlberger-stimme.net\/wp-content\/uploads\/2011\/09\/185.jpg 660w, https:\/\/prenzlberger-stimme.net\/wp-content\/uploads\/2011\/09\/185-300x165.jpg 300w\" sizes=\"auto, (max-width: 660px) 100vw, 660px\" \/><\/a><\/p>\n<p><a href=\"https:\/\/www.prenzlberger-stimme.net\/wp-content\/uploads\/2011\/09\/193.jpg\"><img loading=\"lazy\" decoding=\"async\" src=\"https:\/\/www.prenzlberger-stimme.net\/wp-content\/uploads\/2011\/09\/193.jpg\" alt=\"\" title=\"SONY DSC\" width=\"660\" height=\"480\" class=\"alignleft size-full wp-image-30605\" srcset=\"https:\/\/prenzlberger-stimme.net\/wp-content\/uploads\/2011\/09\/193.jpg 660w, https:\/\/prenzlberger-stimme.net\/wp-content\/uploads\/2011\/09\/193-300x218.jpg 300w\" sizes=\"auto, (max-width: 660px) 100vw, 660px\" \/><\/a><\/p>\n<p> <\/p>\n<p>&nbsp;<\/p>\n<p> <\/p>\n<p>&nbsp;<\/p>\n<h3><a href=\"https:\/\/www.prenzlberger-stimme.net\/?page_id=29896\"> Zur\u00fcck zur Hauptseite \u201cRolle, rolle \u2013 Rotation!\u201d<\/a><\/h3>\n<p> <\/p>\n<p>&nbsp;<\/p>\n<p> <\/p>\n<p>&nbsp;<\/p>\n<p>\u00a9 Fotos &#038; Text: Dirk Grabowski<br \/>\n <\/p>\n<p>&nbsp;<\/p>\n<p> <\/p>\n<p>&nbsp;<\/p>\n","protected":false},"excerpt":{"rendered":"<p>Das Spiel hatte gerade begonnen, da h\u00f6rte man Trainer Sascha Kummer schon rufen: &#8222;Ran Ran, lasst die Jungs doch nicht lau&#8230;&#8220; &#8211; weiter kam er nicht, denn das 1:0 f\u00fcr NNW 98 war gefallen. Upps, dachten die Beobachter an der Seitenlinie, das kann ja was werden. Wurde es auch, aber anders, als es nach der [&hellip;]<\/p>\n","protected":false},"author":5,"featured_media":0,"parent":29896,"menu_order":0,"comment_status":"open","ping_status":"open","template":"","meta":{"_monsterinsights_skip_tracking":false,"_monsterinsights_sitenote_active":false,"_monsterinsights_sitenote_note":"","_monsterinsights_sitenote_category":0,"ngg_post_thumbnail":0,"footnotes":""},"categories":[],"tags":[],"class_list":["post-30579","page","type-page","status-publish","hentry"],"aioseo_notices":[],"_links":{"self":[{"href":"https:\/\/prenzlberger-stimme.net\/index.php?rest_route=\/wp\/v2\/pages\/30579","targetHints":{"allow":["GET"]}}],"collection":[{"href":"https:\/\/prenzlberger-stimme.net\/index.php?rest_route=\/wp\/v2\/pages"}],"about":[{"href":"https:\/\/prenzlberger-stimme.net\/index.php?rest_route=\/wp\/v2\/types\/page"}],"author":[{"embeddable":true,"href":"https:\/\/prenzlberger-stimme.net\/index.php?rest_route=\/wp\/v2\/users\/5"}],"replies":[{"embeddable":true,"href":"https:\/\/prenzlberger-stimme.net\/index.php?rest_route=%2Fwp%2Fv2%2Fcomments&post=30579"}],"version-history":[{"count":0,"href":"https:\/\/prenzlberger-stimme.net\/index.php?rest_route=\/wp\/v2\/pages\/30579\/revisions"}],"up":[{"embeddable":true,"href":"https:\/\/prenzlberger-stimme.net\/index.php?rest_route=\/wp\/v2\/pages\/29896"}],"wp:attachment":[{"href":"https:\/\/prenzlberger-stimme.net\/index.php?rest_route=%2Fwp%2Fv2%2Fmedia&parent=30579"}],"wp:term":[{"taxonomy":"category","embeddable":true,"href":"https:\/\/prenzlberger-stimme.net\/index.php?rest_route=%2Fwp%2Fv2%2Fcategories&post=30579"},{"taxonomy":"post_tag","embeddable":true,"href":"https:\/\/prenzlberger-stimme.net\/index.php?rest_route=%2Fwp%2Fv2%2Ftags&post=30579"}],"curies":[{"name":"wp","href":"https:\/\/api.w.org\/{rel}","templated":true}]}}