{"id":34681,"date":"2011-11-19T09:23:25","date_gmt":"2011-11-19T08:23:25","guid":{"rendered":"http:\/\/www.prenzlberger-stimme.de\/?page_id=34681"},"modified":"2012-02-20T05:07:25","modified_gmt":"2012-02-20T04:07:25","slug":"schneller-start-%e2%80%93-tolles-spiel","status":"publish","type":"page","link":"https:\/\/prenzlberger-stimme.net\/?page_id=34681","title":{"rendered":"Schneller Start \u2013 tolles Spiel"},"content":{"rendered":"<p><a href=\"https:\/\/www.prenzlberger-stimme.net\/wp-content\/uploads\/2011\/11\/00.jpg\"><img loading=\"lazy\" decoding=\"async\" src=\"https:\/\/www.prenzlberger-stimme.net\/wp-content\/uploads\/2011\/11\/00.jpg\" alt=\"\" title=\"00\" width=\"660\" height=\"244\" class=\"alignleft size-full wp-image-34735\" srcset=\"https:\/\/prenzlberger-stimme.net\/wp-content\/uploads\/2011\/11\/00.jpg 660w, https:\/\/prenzlberger-stimme.net\/wp-content\/uploads\/2011\/11\/00-300x110.jpg 300w\" sizes=\"auto, (max-width: 660px) 100vw, 660px\" \/><\/a><strong> Kinder haften f\u00fcr ihre Eltern! Selbstverst\u00e4ndlich auch dann, wenn die Kinder ihre  Altvorderen gerade nicht beaufsichtigen k\u00f6nnen, weil die Kids gerade auf dem Spielfeld zu tun haben. So also mussten sich die Jungs beim Spiel gegen den BSC Marzahn einiges anh\u00f6ren. Und das kam so: Der Schiedsrichter war der Meinung, bei den Rotationern einen verbotenen R\u00fcckpass gesehen zu haben und gab deshalb einen direkten Freisto\u00df f\u00fcr die Marzahner. Die Prenzlauer Berger Elternteile aber meinten nicht nur, keinen verbotenes Spiel gesehen zu haben, sondern auch noch, dass, wenn es eines gegeben h\u00e4tte, der Freisto\u00df nur indirekt\u2026. . Naja, und das taten sie am Spielfeldrand kund. Logisch, dass der Schiedsrichter die Neunj\u00e4hrigen f\u00fcr das Verhalten Ihrer Eltern r\u00fcgte\u2026<br \/>\n Der Freisto\u00df wurde \u00fcbrigens erfolgreich abgewehrt.<\/strong><\/p>\n<p>&nbsp;<br \/>\n<a href=\"https:\/\/www.prenzlberger-stimme.net\/wp-content\/uploads\/2011\/11\/24.jpg\"><img loading=\"lazy\" decoding=\"async\" src=\"https:\/\/www.prenzlberger-stimme.net\/wp-content\/uploads\/2011\/11\/24-300x191.jpg\" alt=\"\" title=\"SONY DSC\" width=\"300\" height=\"191\" class=\"alignleft size-medium wp-image-34683\" srcset=\"https:\/\/prenzlberger-stimme.net\/wp-content\/uploads\/2011\/11\/24-300x191.jpg 300w, https:\/\/prenzlberger-stimme.net\/wp-content\/uploads\/2011\/11\/24.jpg 1024w\" sizes=\"auto, (max-width: 300px) 100vw, 300px\" \/><\/a>Manchmal muss ein guter Start f\u00fcr den Rest der Zeit den entsprechenden Vorlauf schaffen. Und so begannen die Rotationer schon mit dem Anpfiff des Spiels \u00fcberfallartig das Tor des BSV Marzahn zu torpedieren. Und das \u00e4u\u00dferst erfolgreich. Bereits nach vier Minuten stand es 3:0  &#8211; und man konnte den Eindruck gewinnen, dass die Gastgeber es darauf anlegten, ihr einhundertstes Punktspieltor noch vor der Winterpause zu versenken.<br \/>\nDoch nun waren auch die Marzahner wach geworden. Was anf\u00e4nglich noch als hilflose Abwehr des schwarzwei\u00dfen <\/p>\n<p><a href=\"https:\/\/www.prenzlberger-stimme.net\/wp-content\/uploads\/2011\/11\/33.jpg\"><img loading=\"lazy\" decoding=\"async\" src=\"https:\/\/www.prenzlberger-stimme.net\/wp-content\/uploads\/2011\/11\/33-300x130.jpg\" alt=\"\" title=\"3\" width=\"300\" height=\"130\" class=\"alignright size-medium wp-image-34687\" srcset=\"https:\/\/prenzlberger-stimme.net\/wp-content\/uploads\/2011\/11\/33-300x130.jpg 300w, https:\/\/prenzlberger-stimme.net\/wp-content\/uploads\/2011\/11\/33.jpg 892w\" sizes=\"auto, (max-width: 300px) 100vw, 300px\" \/><\/a>Ansturms daher kam, wuchs bald schon einer veritablen Gegenwehr\u2026 &#8211; oder weniger verschwurbelt formuliert: Die Marzahner zeigten, dass sie auch Fu\u00dfball spielen k\u00f6nnen. Und das nicht schlecht. Sp\u00e4testen ab Mitte der ersten Halbzeit hielten die G\u00e4ste gut mit \u2013 und hatten zuweilen mehr Spielanteile, als die Heimmannschaft. Das wurde schlie\u00dflich mit einem Tor belohnt &#8211; und so stand es nur noch 3:1.<\/p>\n<p><a href=\"https:\/\/www.prenzlberger-stimme.net\/wp-content\/uploads\/2011\/11\/43.jpg\"><img loading=\"lazy\" decoding=\"async\" src=\"https:\/\/www.prenzlberger-stimme.net\/wp-content\/uploads\/2011\/11\/43-300x215.jpg\" alt=\"\" title=\"SONY DSC\" width=\"300\" height=\"215\" class=\"alignleft size-medium wp-image-34690\" srcset=\"https:\/\/prenzlberger-stimme.net\/wp-content\/uploads\/2011\/11\/43-300x215.jpg 300w, https:\/\/prenzlberger-stimme.net\/wp-content\/uploads\/2011\/11\/43.jpg 800w\" sizes=\"auto, (max-width: 300px) 100vw, 300px\" \/><\/a>Die Marzahner Mannschaft, die bis dahin bei vier gewonnenen Spielen erst ein Punktspiel verloren hatte, forderte die Rotationer in dieser Spielphase heftig, und die Jungs von Trainer Sascha Kummer mussten t\u00fcchtig rackern, um den  Abstand zur gegnerischen Mannschaft zu halten. Sekunden vor dem Halbzeitpfiff  fiel dann das kurioseste Treffer des Tages: Einwurf f\u00fcr Rotation in H\u00f6he der Marzahner Strafraumgrenze. Jonathan kickt den Ball l\u00e4ssig mit dem Hacken an, worauf der sich \u2013 im Zeitlupentempo \u2013 in die H\u00f6he schraubte, und langsam hinter dem BSC-Keeper ins Netz schwebte. Nicht nur Torwart  war \u00fcberrascht \u2013 auch der Fotograf verga\u00df vor Staunen, auf den Ausl\u00f6ser zu dr\u00fccken\u2026<\/p>\n<p><a href=\"https:\/\/www.prenzlberger-stimme.net\/wp-content\/uploads\/2011\/11\/51.jpg\"><img loading=\"lazy\" decoding=\"async\" src=\"https:\/\/www.prenzlberger-stimme.net\/wp-content\/uploads\/2011\/11\/51.jpg\" alt=\"\" title=\"SONY DSC\" width=\"660\" height=\"464\" class=\"alignleft size-full wp-image-34697\" srcset=\"https:\/\/prenzlberger-stimme.net\/wp-content\/uploads\/2011\/11\/51.jpg 660w, https:\/\/prenzlberger-stimme.net\/wp-content\/uploads\/2011\/11\/51-300x210.jpg 300w\" sizes=\"auto, (max-width: 660px) 100vw, 660px\" \/><\/a><\/p>\n<p><a href=\"https:\/\/www.prenzlberger-stimme.net\/wp-content\/uploads\/2011\/11\/61.jpg\"><img loading=\"lazy\" decoding=\"async\" src=\"https:\/\/www.prenzlberger-stimme.net\/wp-content\/uploads\/2011\/11\/61.jpg\" alt=\"\" title=\"SONY DSC\" width=\"660\" height=\"377\" class=\"alignleft size-full wp-image-34698\" srcset=\"https:\/\/prenzlberger-stimme.net\/wp-content\/uploads\/2011\/11\/61.jpg 660w, https:\/\/prenzlberger-stimme.net\/wp-content\/uploads\/2011\/11\/61-300x171.jpg 300w\" sizes=\"auto, (max-width: 660px) 100vw, 660px\" \/><\/a><\/p>\n<p><a href=\"https:\/\/www.prenzlberger-stimme.net\/wp-content\/uploads\/2011\/11\/72.jpg\"><img loading=\"lazy\" decoding=\"async\" src=\"https:\/\/www.prenzlberger-stimme.net\/wp-content\/uploads\/2011\/11\/72-300x172.jpg\" alt=\"\" title=\"7\" width=\"300\" height=\"172\" class=\"alignleft size-medium wp-image-34714\" srcset=\"https:\/\/prenzlberger-stimme.net\/wp-content\/uploads\/2011\/11\/72-300x172.jpg 300w, https:\/\/prenzlberger-stimme.net\/wp-content\/uploads\/2011\/11\/72.jpg 870w\" sizes=\"auto, (max-width: 300px) 100vw, 300px\" \/><\/a>Zum Beginn der zweiten Halbzeit starteten die Rotationer erneut durch. Und wie schon in der ersten H\u00e4lfte,  hatten  die Spieler vom BSC Marzahn  auch jetzt wieder  Schwierigkeiten, dem  ersten Ansturm standzuhalten. Und so erh\u00f6hte Rotation innerhalb  von drei Minuten auf 6:1. Danach fingen sich die Marzahner zwar, schafften es aber nicht, zur gezeigten St\u00e4rke der ersten Halbzeit zur\u00fcckzufinden. So hatte Mathis im Rotation-Tor nun bedeutend weniger zu tun.<br \/>\nDie Prenzlauer Berger blieben die \u00fcberlegene Mannschaft, <\/p>\n<p><a href=\"https:\/\/www.prenzlberger-stimme.net\/wp-content\/uploads\/2011\/11\/82.jpg\"><img loading=\"lazy\" decoding=\"async\" src=\"https:\/\/www.prenzlberger-stimme.net\/wp-content\/uploads\/2011\/11\/82-300x154.jpg\" alt=\"\" title=\"8\" width=\"300\" height=\"154\" class=\"alignright size-medium wp-image-34720\" srcset=\"https:\/\/prenzlberger-stimme.net\/wp-content\/uploads\/2011\/11\/82-300x154.jpg 300w, https:\/\/prenzlberger-stimme.net\/wp-content\/uploads\/2011\/11\/82.jpg 1024w\" sizes=\"auto, (max-width: 300px) 100vw, 300px\" \/><\/a> sie waren meist schneller als ihre  Gegener,  zeigten ein besseres  Zusammenspiel und hatten die weitaus gr\u00f6\u00dfere Anzahl an Torchancen. Doch entweder scheiterten sie am gut haltenden Marahner Torwart &#8211; oder sie verga\u00dfen einfach, den Ball im richtigen Moment abzuschie\u00dfen.<br \/>\nSo blieb es schlie\u00dflich beim 6:1 f\u00fcr Rotation &#8211; und dem unangefochtenen Spietzenplatz in der Tabelle. <\/p>\n<p> <\/p>\n<p>&nbsp;<\/p>\n<p><a href=\"https:\/\/www.prenzlberger-stimme.net\/wp-content\/uploads\/2011\/11\/101.jpg\"><img loading=\"lazy\" decoding=\"async\" src=\"https:\/\/www.prenzlberger-stimme.net\/wp-content\/uploads\/2011\/11\/101.jpg\" alt=\"\" title=\"SONY DSC\" width=\"660\" height=\"437\" class=\"alignleft size-full wp-image-34724\" srcset=\"https:\/\/prenzlberger-stimme.net\/wp-content\/uploads\/2011\/11\/101.jpg 660w, https:\/\/prenzlberger-stimme.net\/wp-content\/uploads\/2011\/11\/101-300x198.jpg 300w\" sizes=\"auto, (max-width: 660px) 100vw, 660px\" \/><\/a><\/p>\n<p><a href=\"https:\/\/www.prenzlberger-stimme.net\/wp-content\/uploads\/2011\/11\/92.jpg\"><img loading=\"lazy\" decoding=\"async\" src=\"https:\/\/www.prenzlberger-stimme.net\/wp-content\/uploads\/2011\/11\/92.jpg\" alt=\"\" title=\"SONY DSC\" width=\"660\" height=\"1041\" class=\"alignleft size-full wp-image-34725\" srcset=\"https:\/\/prenzlberger-stimme.net\/wp-content\/uploads\/2011\/11\/92.jpg 660w, https:\/\/prenzlberger-stimme.net\/wp-content\/uploads\/2011\/11\/92-190x300.jpg 190w, https:\/\/prenzlberger-stimme.net\/wp-content\/uploads\/2011\/11\/92-649x1024.jpg 649w\" sizes=\"auto, (max-width: 660px) 100vw, 660px\" \/><\/a><\/p>\n<p> <\/p>\n<p>&nbsp;<\/p>\n<p>\u00a9 Fotos Dirk Grabowski<br \/>\n&nbsp;<br \/>\n <\/p>\n<p>&nbsp;<\/p>\n<p>Und hier die Galerie zum Spiel. Wenn man auf <strong><em>PicLens<\/em><\/strong> klickt, kann die Fotos von der Begegnung als Dia-Show betrachten. <\/p>\n<p>ngg_shortcode_0_placeholder<br \/>\n <\/p>\n<p>&nbsp;<\/p>\n<p> <\/p>\n<p>&nbsp;<\/p>\n<h3><a href=\"https:\/\/www.prenzlberger-stimme.net\/?page_id=29896\"> Zur\u00fcck zur Hauptseite \u201cRolle, rolle \u2013 Rotation!\u201d<\/a><\/h3>\n<p> <\/p>\n<p>&nbsp;<\/p>\n<p> <\/p>\n<p>&nbsp;<\/p>\n","protected":false},"excerpt":{"rendered":"<p>Kinder haften f\u00fcr ihre Eltern! Selbstverst\u00e4ndlich auch dann, wenn die Kinder ihre Altvorderen gerade nicht beaufsichtigen k\u00f6nnen, weil die Kids gerade auf dem Spielfeld zu tun haben. So also mussten sich die Jungs beim Spiel gegen den BSC Marzahn einiges anh\u00f6ren. Und das kam so: Der Schiedsrichter war der Meinung, bei den Rotationern einen verbotenen [&hellip;]<\/p>\n","protected":false},"author":1,"featured_media":0,"parent":29896,"menu_order":0,"comment_status":"open","ping_status":"open","template":"","meta":{"_monsterinsights_skip_tracking":false,"_monsterinsights_sitenote_active":false,"_monsterinsights_sitenote_note":"","_monsterinsights_sitenote_category":0,"ngg_post_thumbnail":0,"footnotes":""},"categories":[],"tags":[],"class_list":["post-34681","page","type-page","status-publish","hentry"],"aioseo_notices":[],"_links":{"self":[{"href":"https:\/\/prenzlberger-stimme.net\/index.php?rest_route=\/wp\/v2\/pages\/34681","targetHints":{"allow":["GET"]}}],"collection":[{"href":"https:\/\/prenzlberger-stimme.net\/index.php?rest_route=\/wp\/v2\/pages"}],"about":[{"href":"https:\/\/prenzlberger-stimme.net\/index.php?rest_route=\/wp\/v2\/types\/page"}],"author":[{"embeddable":true,"href":"https:\/\/prenzlberger-stimme.net\/index.php?rest_route=\/wp\/v2\/users\/1"}],"replies":[{"embeddable":true,"href":"https:\/\/prenzlberger-stimme.net\/index.php?rest_route=%2Fwp%2Fv2%2Fcomments&post=34681"}],"version-history":[{"count":0,"href":"https:\/\/prenzlberger-stimme.net\/index.php?rest_route=\/wp\/v2\/pages\/34681\/revisions"}],"up":[{"embeddable":true,"href":"https:\/\/prenzlberger-stimme.net\/index.php?rest_route=\/wp\/v2\/pages\/29896"}],"wp:attachment":[{"href":"https:\/\/prenzlberger-stimme.net\/index.php?rest_route=%2Fwp%2Fv2%2Fmedia&parent=34681"}],"wp:term":[{"taxonomy":"category","embeddable":true,"href":"https:\/\/prenzlberger-stimme.net\/index.php?rest_route=%2Fwp%2Fv2%2Fcategories&post=34681"},{"taxonomy":"post_tag","embeddable":true,"href":"https:\/\/prenzlberger-stimme.net\/index.php?rest_route=%2Fwp%2Fv2%2Ftags&post=34681"}],"curies":[{"name":"wp","href":"https:\/\/api.w.org\/{rel}","templated":true}]}}