{"id":37726,"date":"2012-01-17T12:52:57","date_gmt":"2012-01-17T11:52:57","guid":{"rendered":"http:\/\/www.prenzlberger-stimme.de\/?page_id=37726"},"modified":"2012-01-18T00:51:16","modified_gmt":"2012-01-17T23:51:16","slug":"es-hatte-wirklich-auch-schlimmer-kommen-konnen","status":"publish","type":"page","link":"https:\/\/prenzlberger-stimme.net\/?page_id=37726","title":{"rendered":"Es h\u00e4tte wirklich auch schlimmer kommen k\u00f6nnen\u2026"},"content":{"rendered":"<p><a href=\"https:\/\/www.prenzlberger-stimme.net\/wp-content\/uploads\/2012\/01\/016.jpg\"><img loading=\"lazy\" decoding=\"async\" src=\"https:\/\/www.prenzlberger-stimme.net\/wp-content\/uploads\/2012\/01\/016.jpg\" alt=\"\" title=\"_01\" width=\"665\" height=\"499\" class=\"alignleft size-full wp-image-37728\" srcset=\"https:\/\/prenzlberger-stimme.net\/wp-content\/uploads\/2012\/01\/016.jpg 665w, https:\/\/prenzlberger-stimme.net\/wp-content\/uploads\/2012\/01\/016-300x225.jpg 300w\" sizes=\"auto, (max-width: 665px) 100vw, 665px\" \/><\/a><\/p>\n<p><strong>&#8230;die Jungs von der SG Rotation Berlin h\u00e4tten auch 20. ter werden k\u00f6nnen, wie die Jungs vom TSV Rotation Dresden. Es war irgendwie nicht der Tag der Rotationer.<br \/>\nDenn Rotation Berlin wurde 17.ter! Aber von vorne!<br \/>\n<\/strong><br \/>\n&nbsp;<br \/>\n<div id=\"attachment_37732\" style=\"width: 310px\" class=\"wp-caption alignleft\"><a href=\"https:\/\/www.prenzlberger-stimme.net\/wp-content\/uploads\/2012\/01\/026.jpg\"><img loading=\"lazy\" decoding=\"async\" aria-describedby=\"caption-attachment-37732\" src=\"https:\/\/www.prenzlberger-stimme.net\/wp-content\/uploads\/2012\/01\/026-300x195.jpg\" alt=\"\" title=\"_02\" width=\"300\" height=\"200\" class=\"size-medium wp-image-37732\" \/><\/a><p id=\"caption-attachment-37732\" class=\"wp-caption-text\"><br \/>\nFanclub - auf den Kaffee wartend...<br \/>\n<\/p><\/div><\/p>\n<p>Inclusive eines wie immer gut gelaunten Busfahrers Bernd sind wir frohen Mutes und voller Hoffnung in Dresden angekommen.<br \/>\nAls h\u00e4tte der mitreisende Fanclub unserer Jungs es nicht geahnt, traf sich dieser kurz vor Beginn des Turniers auf diverse Kaffeespezialit\u00e4ten in der \u201eAuszeit\u201c der EnergieVerbundHalle und unkte noch rum, dass dieses Turnier inoffiziell in den offiziellen Punktspielbetrieb aufgenommen werden sollte, damit unsere Jungs so \u00fcberzeugend spielen, wie im Ligabetrieb. Denn bei Freundschaftsspielen zeigte sich dieser Enthusiasmus bisher leider nicht so und man tut sich schwer, mit souver\u00e4nen und k\u00e4mpferischen Siegen.<\/p>\n<div id=\"attachment_37739\" style=\"width: 310px\" class=\"wp-caption alignright\"><a href=\"https:\/\/www.prenzlberger-stimme.net\/wp-content\/uploads\/2012\/01\/037.jpg\"><img loading=\"lazy\" decoding=\"async\" aria-describedby=\"caption-attachment-37739\" src=\"https:\/\/www.prenzlberger-stimme.net\/wp-content\/uploads\/2012\/01\/037-300x186.jpg\" alt=\"\" title=\"_03\" width=\"300\" height=\"186\" class=\"size-medium wp-image-37739\" srcset=\"https:\/\/prenzlberger-stimme.net\/wp-content\/uploads\/2012\/01\/037-300x186.jpg 300w, https:\/\/prenzlberger-stimme.net\/wp-content\/uploads\/2012\/01\/037.jpg 450w\" sizes=\"auto, (max-width: 300px) 100vw, 300px\" \/><\/a><p id=\"caption-attachment-37739\" class=\"wp-caption-text\"><br \/>\n...und beim Probejubeln<\/p><\/div>\n<p>Aber f\u00fcr eine \u00c4nderung der Modalit\u00e4ten war es zu sp\u00e4t! Nichts desto Trotz hofften wir auf zahlreiche Treffer und sahen uns schon alle mit dem Pokal auf dem Heimweg bei der  Vereinsweihnachtsfeier einschneien. Naja .. W\u00fcnsche sind ja wohl erlaubt zu Weihnachten!!!<br \/>\nEinen Treffer erzielte Aguibou bereits beim Aufw\u00e4rmen\u2026n\u00e4her wollen wir darauf jedoch aus R\u00fccksicht auf den Trainer nicht eingehen.Sollte er auch sp\u00e4ter so zielsicher treffen? Wenn es so weiterginge, sollte dies in unser aller Sinne sein!<\/p>\n<p>Gespielt wurde in einer dreigeteilten Halle in 4 Gruppen zu je 5 Mannschaften.<br \/>\n&nbsp;<\/p>\n<h3>SG Rotation Prenzlauer Berg &#8211; Turbine Halle e.V.<\/p>\n<\/h3>\n<p>\n<a href=\"https:\/\/www.prenzlberger-stimme.net\/wp-content\/uploads\/2012\/01\/044.jpg\"><img loading=\"lazy\" decoding=\"async\" src=\"https:\/\/www.prenzlberger-stimme.net\/wp-content\/uploads\/2012\/01\/044-300x183.jpg\" alt=\"\" title=\"_04\" width=\"300\" height=\"183\" class=\"alignleft size-medium wp-image-37744\" srcset=\"https:\/\/prenzlberger-stimme.net\/wp-content\/uploads\/2012\/01\/044-300x183.jpg 300w, https:\/\/prenzlberger-stimme.net\/wp-content\/uploads\/2012\/01\/044.jpg 1024w\" sizes=\"auto, (max-width: 300px) 100vw, 300px\" \/><\/a>Zun\u00e4chst sind die Rotationer \u00fcberlegen, schaffen es jedoch nicht, das auch in Toren aus zu dr\u00fccken.<br \/>\nTurbine Halle wehrte sich und verirrte sich auch ab und zu in den Prenzlauer Berger  Strafraum, so dass alle bef\u00fcrchteten, dass Rotation sich wieder einmal in letzter Sekunde einen verdienten Erfolg nehmen l\u00e4sst.<br \/>\nVielleicht war es  Gl\u00fcck oder vielleicht auch nur die augenscheinliche  \u00dcberlegenheit, dass zumindest das 0:0 noch \u00fcber die Runden gebracht wurde.<br \/>\nF\u00fcr das erste Spiel konnte man zufrieden sein.<\/p>\n<p><a href=\"https:\/\/www.prenzlberger-stimme.net\/wp-content\/uploads\/2012\/01\/054.jpg\"><img loading=\"lazy\" decoding=\"async\" src=\"https:\/\/www.prenzlberger-stimme.net\/wp-content\/uploads\/2012\/01\/054.jpg\" alt=\"\" title=\"_05\" width=\"665\" height=\"433\" class=\"alignleft size-full wp-image-37753\" srcset=\"https:\/\/prenzlberger-stimme.net\/wp-content\/uploads\/2012\/01\/054.jpg 665w, https:\/\/prenzlberger-stimme.net\/wp-content\/uploads\/2012\/01\/054-300x195.jpg 300w\" sizes=\"auto, (max-width: 665px) 100vw, 665px\" \/><\/a><\/p>\n<p>&nbsp;<\/p>\n<h3>Dresdner SC 1898 1. \u2013 SG Rotation Prenzlauer Berg<\/p>\n<\/h3>\n<p><\/p>\n<p><a href=\"https:\/\/www.prenzlberger-stimme.net\/wp-content\/uploads\/2012\/01\/06a.jpg\"><img loading=\"lazy\" decoding=\"async\" src=\"https:\/\/www.prenzlberger-stimme.net\/wp-content\/uploads\/2012\/01\/06a-300x194.jpg\" alt=\"\" title=\"_06a\" width=\"300\" height=\"194\" class=\"alignleft size-medium wp-image-37754\" srcset=\"https:\/\/prenzlberger-stimme.net\/wp-content\/uploads\/2012\/01\/06a-300x194.jpg 300w, https:\/\/prenzlberger-stimme.net\/wp-content\/uploads\/2012\/01\/06a.jpg 368w\" sizes=\"auto, (max-width: 300px) 100vw, 300px\" \/><\/a>Ein dominierender Dresdner SC pr\u00e4sentiert sich unserer Mannschaft.<\/p>\n<p>In der 3 Minute  verfummelt sich unsere Abwehr im eigenen Strafraum. Ein Hallenser nutzt dies und der Ball lullert f\u00f6rmlich ins Tor der Rotationer: 1:0.<br \/>\nWenig sp\u00e4ter in der 7 Minute kommt der Gegner ungehindert zum Schuss: 2:0.<br \/>\nDeutlich zu sehen, ist die Angst vorm Gegner, es wird sich \u00fcberhaupt nicht in den Weg gestellt, eher geduckt oder f\u00fcr nicht zust\u00e4ndig befunden.<br \/>\nEin Lupfer in der 8 Minute fegt \u00fcber Mathis hinweg und f\u00fchrt zum 3:0. Zum Trost trifft Can kurz vor dem Schlusspfiff zum 3:1 und l\u00e4sst vers\u00f6hnlich stimmen.<\/p>\n<p><a href=\"https:\/\/www.prenzlberger-stimme.net\/wp-content\/uploads\/2012\/01\/084.jpg\"><img loading=\"lazy\" decoding=\"async\" src=\"https:\/\/www.prenzlberger-stimme.net\/wp-content\/uploads\/2012\/01\/084.jpg\" alt=\"\" title=\"_08\" width=\"665\" height=\"445\" class=\"alignleft size-full wp-image-37761\" srcset=\"https:\/\/prenzlberger-stimme.net\/wp-content\/uploads\/2012\/01\/084.jpg 665w, https:\/\/prenzlberger-stimme.net\/wp-content\/uploads\/2012\/01\/084-300x200.jpg 300w\" sizes=\"auto, (max-width: 665px) 100vw, 665px\" \/><\/a><br \/>\n&nbsp;<\/p>\n<h3>FSV Zwickau \u2013 SG Rotation Prenzlauer Berg<\/p>\n<\/h3>\n<p><\/p>\n<p><a href=\"https:\/\/www.prenzlberger-stimme.net\/wp-content\/uploads\/2012\/01\/093.jpg\"><img loading=\"lazy\" decoding=\"async\" src=\"https:\/\/www.prenzlberger-stimme.net\/wp-content\/uploads\/2012\/01\/093-300x201.jpg\" alt=\"\" title=\"_09\" width=\"300\" height=\"201\" class=\"alignleft size-medium wp-image-37762\" srcset=\"https:\/\/prenzlberger-stimme.net\/wp-content\/uploads\/2012\/01\/093-300x201.jpg 300w, https:\/\/prenzlberger-stimme.net\/wp-content\/uploads\/2012\/01\/093.jpg 320w\" sizes=\"auto, (max-width: 300px) 100vw, 300px\" \/><\/a>Alles nach vorne hie\u00df es jetzt, um aus der Gruppenphase noch das effektiveste Ergebnis raus zu holen. Auch die Mitgereisten st\u00fcrmten vor zu den Baltstraden und gaben alles, um die Mannschaft an zu feuern.<br \/>\nEs sah zun\u00e4chst auch so aus, als ob sich diese Bem\u00fchungen bezahlt machen. Rotation st\u00fcrmte, aber wieder einmal fehlte es im Abschluss.<br \/>\nUnd so bekamen die Prenzlauer Berger  einmal mehr die Quittung f\u00fcr nicht genutzte Chancen und ein Konter der Zwickauer sorgte f\u00fcr den knappen Endstand, auch wie so oft in der letzten Minute, von 1:0.<\/p>\n<p><a href=\"https:\/\/www.prenzlberger-stimme.net\/wp-content\/uploads\/2012\/01\/103.jpg\"><img loading=\"lazy\" decoding=\"async\" src=\"https:\/\/www.prenzlberger-stimme.net\/wp-content\/uploads\/2012\/01\/103.jpg\" alt=\"\" title=\"_10\" width=\"665\" height=\"463\" class=\"alignleft size-full wp-image-37764\" srcset=\"https:\/\/prenzlberger-stimme.net\/wp-content\/uploads\/2012\/01\/103.jpg 665w, https:\/\/prenzlberger-stimme.net\/wp-content\/uploads\/2012\/01\/103-300x208.jpg 300w\" sizes=\"auto, (max-width: 665px) 100vw, 665px\" \/><\/a><\/p>\n<p>&nbsp;<\/p>\n<h3>SV Schm\u00f6lln &#8211; SG Rotation Prenzlauer Berg<\/p>\n<\/h3>\n<p><\/p>\n<p><a href=\"https:\/\/www.prenzlberger-stimme.net\/wp-content\/uploads\/2012\/01\/114.jpg\"><img loading=\"lazy\" decoding=\"async\" src=\"https:\/\/www.prenzlberger-stimme.net\/wp-content\/uploads\/2012\/01\/114-300x202.jpg\" alt=\"\" title=\"_11\" width=\"300\" height=\"202\" class=\"alignleft size-medium wp-image-37765\" srcset=\"https:\/\/prenzlberger-stimme.net\/wp-content\/uploads\/2012\/01\/114-300x202.jpg 300w, https:\/\/prenzlberger-stimme.net\/wp-content\/uploads\/2012\/01\/114.jpg 1024w\" sizes=\"auto, (max-width: 300px) 100vw, 300px\" \/><\/a>Im letzten Gruppenspiel hofften alle auf ein Aufb\u00e4umen der Mannschaft, jedoch wurde dies bereits in der ersten Minute durch das 1:0 der Schm\u00f6llner zu Nichte gemacht. Und das nahm sofort wieder das F\u00fcnktchen Ehrgeiz aus der Mannschaft, welches bis dahin noch gl\u00fchte.  2:0 in der sechsten Minute. Es wurden von den Rotationern leichte Fehler gemacht, es wurde schlecht oder gar nicht abgespielt. F\u00fcr die Schm\u00f6llner war es ein Leichtes durch unsere Mannschaft zu spazieren. So war auch das 3:0 in der siebten Minuten und das 4:0 in der achten Minute nur eine logische Schlussfolgerung.<br \/>\nDas Schlussergebnis der Gruppenspiele war ein ern\u00fcchternder 5. Platz! Das hie\u00df, wir spielen Vorne nicht mit, auch nicht in der Mitte, wir spielen um den letzten Platz vom Turnier, die Trostrunde aller Trostrunden.<br \/>\nAber zum Gl\u00fcck f\u00e4ngt jedes neue Spiel von vorne an. Und so gehen unsere Rotationer jedes Spiel mit neuem Elan an\u2026immer wieder!<\/p>\n<p><a href=\"https:\/\/www.prenzlberger-stimme.net\/wp-content\/uploads\/2012\/01\/125.jpg\"><img loading=\"lazy\" decoding=\"async\" src=\"https:\/\/www.prenzlberger-stimme.net\/wp-content\/uploads\/2012\/01\/125.jpg\" alt=\"\" title=\"_12\" width=\"665\" height=\"427\" class=\"alignleft size-full wp-image-37770\" srcset=\"https:\/\/prenzlberger-stimme.net\/wp-content\/uploads\/2012\/01\/125.jpg 665w, https:\/\/prenzlberger-stimme.net\/wp-content\/uploads\/2012\/01\/125-300x192.jpg 300w\" sizes=\"auto, (max-width: 665px) 100vw, 665px\" \/><\/a><\/p>\n<p>&nbsp;<\/p>\n<p><strong><\/p>\n<h3>Spiele um Platz 17-20<br \/>\n<\/h3>\n<p><\/strong><\/p>\n<h3>TSV Rotation Dresden \u2013 SG Rotation Prenzlauer Berg<\/p>\n<\/h3>\n<p><\/p>\n<p><a href=\"https:\/\/www.prenzlberger-stimme.net\/wp-content\/uploads\/2012\/01\/135.jpg\"><img loading=\"lazy\" decoding=\"async\" src=\"https:\/\/www.prenzlberger-stimme.net\/wp-content\/uploads\/2012\/01\/135-300x226.jpg\" alt=\"\" title=\"_13\" width=\"300\" height=\"231\" class=\"alignleft size-medium wp-image-37773\" \/><\/a>Nun kam es also auf das Aufeinandertreffen der Rotationer.  Hier galt es doch um so mehr, ein St\u00fcck Ehre zu verteidigen! Und das begriffen dann auch endlich unsere Jungs. Zun\u00e4chst etwas schleppend dr\u00e4ngten sie dann doch nach Vorne. Immer wieder holt sich Jonathan den Ball. 5 Minute: Jonathan bereitet vor, Marc schie\u00dft das 0:1\u2026geht doch. So k\u00f6nnte es weitergehen, aber auch die Dresdner Rotationer geben nicht so schnell auf und schaffen in der 6ten Minute den Ausgleich 1:1. Allerdings setzen wir nach, Stefan in der 7ten Minute 1:2 und 1:3 durch Can. Kurz vor Schluss noch der Anschlusstreffer 2:3. Es wurde noch mal knapp aber es fielen auch mal richtig Tore und: WIR WERDEN NICHT LETZTER!<\/p>\n<p><\/p>\n<p><a href=\"https:\/\/www.prenzlberger-stimme.net\/wp-content\/uploads\/2012\/01\/144.jpg\"><img loading=\"lazy\" decoding=\"async\" src=\"https:\/\/www.prenzlberger-stimme.net\/wp-content\/uploads\/2012\/01\/144.jpg\" alt=\"\" title=\"OLYMPUS DIGITAL CAMERA\" width=\"665\" height=\"499\" class=\"alignleft size-full wp-image-37778\" srcset=\"https:\/\/prenzlberger-stimme.net\/wp-content\/uploads\/2012\/01\/144.jpg 665w, https:\/\/prenzlberger-stimme.net\/wp-content\/uploads\/2012\/01\/144-300x225.jpg 300w\" sizes=\"auto, (max-width: 665px) 100vw, 665px\" \/><\/a><br \/>\n&nbsp;<\/p>\n<h3>SG Rotation Prenzlauer Berg \u2013 Dresdner SC 1898 2.<\/p>\n<\/h3>\n<p><\/p>\n<p><a href=\"https:\/\/www.prenzlberger-stimme.net\/wp-content\/uploads\/2012\/01\/155.jpg\"><img loading=\"lazy\" decoding=\"async\" src=\"https:\/\/www.prenzlberger-stimme.net\/wp-content\/uploads\/2012\/01\/155-300x151.jpg\" alt=\"\" title=\"_15\" width=\"300\" height=\"151\" class=\"alignleft size-medium wp-image-37782\" srcset=\"https:\/\/prenzlberger-stimme.net\/wp-content\/uploads\/2012\/01\/155-300x151.jpg 300w, https:\/\/prenzlberger-stimme.net\/wp-content\/uploads\/2012\/01\/155.jpg 1024w\" sizes=\"auto, (max-width: 300px) 100vw, 300px\" \/><\/a>Das letzte Spiel f\u00fcr unsere Jungs ging jetzt um Platz 17.<br \/>\nAuch bei diesem Spiel tun sich die Jungs schwer, k\u00f6nnen sich aber wenigstens Torchancen erarbeiten. Aber die m\u00fcssen auch irgendwann zum Erfolg f\u00fchren.<br \/>\nDas erledigte dann Can mit einem Alleingang von der Mittellinie und bringt das Runde in das Eckige.<\/p>\n<p>So verabschieden sich die Jungs von Rotation Prenzaluer Berg zum Ende also mit zwei Siegen &#8211; um das mal als Positives von dem Turniertag in Dresden mit nach Hause zu nehmen. Geschenkt gab es auch was\u2026. Von unserem Lieblingsbusfahrer Bernd gab es einen nagelneuen Fussball f\u00fcr die Jungs!<\/p>\n<p> Danke Bernd!<\/p>\n<p><a href=\"https:\/\/www.prenzlberger-stimme.net\/wp-content\/uploads\/2012\/01\/165.jpg\"><img loading=\"lazy\" decoding=\"async\" src=\"https:\/\/www.prenzlberger-stimme.net\/wp-content\/uploads\/2012\/01\/165.jpg\" alt=\"\" title=\"_16\" width=\"665\" height=\"461\" class=\"alignleft size-full wp-image-37784\" srcset=\"https:\/\/prenzlberger-stimme.net\/wp-content\/uploads\/2012\/01\/165.jpg 665w, https:\/\/prenzlberger-stimme.net\/wp-content\/uploads\/2012\/01\/165-300x207.jpg 300w\" sizes=\"auto, (max-width: 665px) 100vw, 665px\" \/><\/a><\/p>\n<p> <\/p>\n<p>&nbsp;<\/p>\n<h3><a href=\"https:\/\/www.prenzlberger-stimme.net\/?page_id=29896\"> Zur\u00fcck zur Hauptseite \u201cRolle, rolle \u2013 Rotation!\u201d<\/a><\/h3>\n<p> <\/p>\n<p>&nbsp;<\/p>\n<p> <\/p>\n<p>&nbsp;<\/p>\n","protected":false},"excerpt":{"rendered":"<p>&#8230;die Jungs von der SG Rotation Berlin h\u00e4tten auch 20. ter werden k\u00f6nnen, wie die Jungs vom TSV Rotation Dresden. Es war irgendwie nicht der Tag der Rotationer. Denn Rotation Berlin wurde 17.ter! Aber von vorne! &nbsp; Inclusive eines wie immer gut gelaunten Busfahrers Bernd sind wir frohen Mutes und voller Hoffnung in Dresden angekommen. [&hellip;]<\/p>\n","protected":false},"author":1,"featured_media":0,"parent":29896,"menu_order":0,"comment_status":"open","ping_status":"open","template":"","meta":{"_monsterinsights_skip_tracking":false,"_monsterinsights_sitenote_active":false,"_monsterinsights_sitenote_note":"","_monsterinsights_sitenote_category":0,"ngg_post_thumbnail":0,"footnotes":""},"categories":[],"tags":[],"class_list":["post-37726","page","type-page","status-publish","hentry"],"aioseo_notices":[],"_links":{"self":[{"href":"https:\/\/prenzlberger-stimme.net\/index.php?rest_route=\/wp\/v2\/pages\/37726","targetHints":{"allow":["GET"]}}],"collection":[{"href":"https:\/\/prenzlberger-stimme.net\/index.php?rest_route=\/wp\/v2\/pages"}],"about":[{"href":"https:\/\/prenzlberger-stimme.net\/index.php?rest_route=\/wp\/v2\/types\/page"}],"author":[{"embeddable":true,"href":"https:\/\/prenzlberger-stimme.net\/index.php?rest_route=\/wp\/v2\/users\/1"}],"replies":[{"embeddable":true,"href":"https:\/\/prenzlberger-stimme.net\/index.php?rest_route=%2Fwp%2Fv2%2Fcomments&post=37726"}],"version-history":[{"count":0,"href":"https:\/\/prenzlberger-stimme.net\/index.php?rest_route=\/wp\/v2\/pages\/37726\/revisions"}],"up":[{"embeddable":true,"href":"https:\/\/prenzlberger-stimme.net\/index.php?rest_route=\/wp\/v2\/pages\/29896"}],"wp:attachment":[{"href":"https:\/\/prenzlberger-stimme.net\/index.php?rest_route=%2Fwp%2Fv2%2Fmedia&parent=37726"}],"wp:term":[{"taxonomy":"category","embeddable":true,"href":"https:\/\/prenzlberger-stimme.net\/index.php?rest_route=%2Fwp%2Fv2%2Fcategories&post=37726"},{"taxonomy":"post_tag","embeddable":true,"href":"https:\/\/prenzlberger-stimme.net\/index.php?rest_route=%2Fwp%2Fv2%2Ftags&post=37726"}],"curies":[{"name":"wp","href":"https:\/\/api.w.org\/{rel}","templated":true}]}}