{"id":7947,"date":"2010-11-29T16:33:48","date_gmt":"2010-11-29T15:33:48","guid":{"rendered":"http:\/\/www.prenzlberger-stimme.de\/?page_id=7947"},"modified":"2010-11-30T16:30:21","modified_gmt":"2010-11-30T15:30:21","slug":"hallenturnier-des-sv-blau-gelb-berlin","status":"publish","type":"page","link":"https:\/\/prenzlberger-stimme.net\/?page_id=7947","title":{"rendered":"Hallenturnier des SV Blau-Gelb Berlin"},"content":{"rendered":"<p><a href=\"https:\/\/www.prenzlberger-stimme.net\/wp-content\/uploads\/2010\/11\/130.jpg\"><img loading=\"lazy\" decoding=\"async\" src=\"https:\/\/www.prenzlberger-stimme.net\/wp-content\/uploads\/2010\/11\/130-300x225.jpg\" alt=\"\" title=\"OLYMPUS DIGITAL CAMERA\" width=\"300\" height=\"225\" class=\"alignleft size-medium wp-image-7951\" srcset=\"https:\/\/prenzlberger-stimme.net\/wp-content\/uploads\/2010\/11\/130-300x225.jpg 300w, https:\/\/prenzlberger-stimme.net\/wp-content\/uploads\/2010\/11\/130.jpg 1024w\" sizes=\"auto, (max-width: 300px) 100vw, 300px\" \/><\/a> Vielleicht lag es ja an der langen Wartezeit. Da kann sich zuweilen schon mal m\u00e4chtig Energie aufbauen. Denn als die Rotationer fast eineinhalb Stunden nach Turnierbeginn das erste Mal auf das Parkett durften, waren sie nicht mehr zu halten. Der Gegner, die zweite Mannschaft von Gastgeber Blau-Gelb &#8211; der sp\u00e4tere Turniersieger &#8211; sah in der Anfangsphase doch ziemlich alt aus: Die Schwarz-Wei\u00dfen st\u00fcrmten und die Blau-Gelben hatte alle M\u00fche, die Angriffe abzuwehren. Doch einmal half auch die heftigste Abwehr nichts mehr: Can dribbelte sich an die richtige Stelle, dr\u00fcckte ab &#8211; 1:0 f\u00fcr Rotation! Blau-Gelb II konnte <a href=\"https:\/\/www.prenzlberger-stimme.net\/wp-content\/uploads\/2010\/11\/216.jpg\"><img loading=\"lazy\" decoding=\"async\" src=\"https:\/\/www.prenzlberger-stimme.net\/wp-content\/uploads\/2010\/11\/216-300x232.jpg\" alt=\"\" title=\"2\" width=\"300\" height=\"232\" class=\"alignright size-medium wp-image-7958\" srcset=\"https:\/\/prenzlberger-stimme.net\/wp-content\/uploads\/2010\/11\/216-300x232.jpg 300w, https:\/\/prenzlberger-stimme.net\/wp-content\/uploads\/2010\/11\/216.jpg 1024w\" sizes=\"auto, (max-width: 300px) 100vw, 300px\" \/><\/a> da dem Ball nur noch hinterher sehen. Doch nun schienen die Gastgeber wach zu werden. Sie wurden st\u00e4rker hatten zwei, drei Torchancen, die nur durch den wieder toll haltenden Mathis vereitelt wurden.<br \/>\nDoch da auch der beste Torwart nicht alle B\u00e4lle halten kann, ging dann eben doch einer f\u00fcr Gelb-Blau ins Netz.<br \/>\nDie Gastgeber zeigten nun, was sie wirklich konnten &#8211; und sowohl Roatation, als auch die Blau-Gelben h\u00e4tten den Sack zu machen k\u00f6nnen. Es blieb aber beim Unentschieden. Dann hie\u00df es erst einmal wieder warten. Denn bei zehn Teilnehmern wurde in zwei Gruppen gespielt &#8211; und bei nur einem verf\u00fcgbaren Hallenplatz brauchte das denn auch so seine Zeit.  <a href=\"https:\/\/www.prenzlberger-stimme.net\/wp-content\/uploads\/2010\/11\/315.jpg\"><img loading=\"lazy\" decoding=\"async\" src=\"https:\/\/www.prenzlberger-stimme.net\/wp-content\/uploads\/2010\/11\/315-300x225.jpg\" alt=\"\" title=\"OLYMPUS DIGITAL CAMERA\" width=\"300\" height=\"225\" class=\"alignleft size-medium wp-image-7970\" srcset=\"https:\/\/prenzlberger-stimme.net\/wp-content\/uploads\/2010\/11\/315-300x225.jpg 300w, https:\/\/prenzlberger-stimme.net\/wp-content\/uploads\/2010\/11\/315.jpg 1024w\" sizes=\"auto, (max-width: 300px) 100vw, 300px\" \/><\/a><br \/>\nNach einer Stunde war es soweit, Rotation trat gegen Viktoria 1889 an. Diesmal spielte die Mannschaft nicht so stark, die blau-wei\u00df gekleideten Spieler aus Tempel-<br \/>\nhof waren meist schneller am Ball als die Prenzlauer Berger und hatten auch mehr Torgelegenheiten als Rotation. Zwar schien das zweite Gegentor etwas strittig (war der Ball bereits \u00fcber der Linie oder nicht?) &#8211; insgesamt aber war Viktoria in diesem Match der verdiente Sieger.<br \/>\n.<br \/>\nDann wieder: Pause f\u00fcr Rotation.<a href=\"https:\/\/www.prenzlberger-stimme.net\/wp-content\/uploads\/2010\/11\/414.jpg\"><img loading=\"lazy\" decoding=\"async\" src=\"https:\/\/www.prenzlberger-stimme.net\/wp-content\/uploads\/2010\/11\/414-300x209.jpg\" alt=\"\" title=\"4\" width=\"300\" height=\"209\" class=\"alignright size-medium wp-image-7981\" srcset=\"https:\/\/prenzlberger-stimme.net\/wp-content\/uploads\/2010\/11\/414-300x209.jpg 300w, https:\/\/prenzlberger-stimme.net\/wp-content\/uploads\/2010\/11\/414.jpg 1024w\" sizes=\"auto, (max-width: 300px) 100vw, 300px\" \/><\/a><br \/>\nNach einer weiteren Stunde der n\u00e4chste Gegner: Der SV Pfefferwerk.<br \/>\nGegen den Prenzlauer Berger Lokalrivalen lieferten die Rotationer ihr bestes Spiel. Aguibou war hinten un\u00fcber-<br \/>\nwindbar, Severin dribbelte alle aus, Simon st\u00fcrmte, was das Zeug hielt und Can lief den Roten regelrecht davon! Wenn es am Ende nur 2:0 f\u00fcr Rotation hie\u00df, dann war dies doch noch recht schmeichelhaft f\u00fcr die Pfeffer-<br \/>\nwerker. Und Trainer Sascha Kummer, der bis dahin immer etwas skeptisch dreinblickte, jubelte zum Schlusspfiff hemmungslos.<a href=\"https:\/\/www.prenzlberger-stimme.net\/wp-content\/uploads\/2010\/11\/516.jpg\"><img loading=\"lazy\" decoding=\"async\" src=\"https:\/\/www.prenzlberger-stimme.net\/wp-content\/uploads\/2010\/11\/516-300x225.jpg\" alt=\"\" title=\"OLYMPUS DIGITAL CAMERA\" width=\"300\" height=\"225\" class=\"alignleft size-medium wp-image-7992\" srcset=\"https:\/\/prenzlberger-stimme.net\/wp-content\/uploads\/2010\/11\/516-300x225.jpg 300w, https:\/\/prenzlberger-stimme.net\/wp-content\/uploads\/2010\/11\/516.jpg 1024w\" sizes=\"auto, (max-width: 300px) 100vw, 300px\" \/><\/a><br \/>\nDer letzte Gruppenspielgegner von Rotation hie\u00df Wei\u00dfenseer FC. Wenn die Jungs vom Teschsportplatz auch gegen die blauwei\u00df gekleideten Kicker aus dem Norden des Bezirks Pankow einen Sieg erspielen w\u00fcrden, h\u00e4tten sie den Einzug ins Halbfinale geschafft. Also legten sie los, st\u00fcrmten wie im Spiel zuvor gegen Pfefferwerk. Aber irgendwie fehlte das letzte bisschen Gl\u00fcck: Der Ball wollte einfach nicht mehr ins Tor. So endete sie Begegnung 0:0 &#8211; und f\u00fcr Rotation blieb damit nur das Spiel um Platz 5 und 6.<br \/>\nBis es so weit war &#8211; warten&#8230;<a href=\"https:\/\/www.prenzlberger-stimme.net\/wp-content\/uploads\/2010\/11\/614.jpg\"><img loading=\"lazy\" decoding=\"async\" src=\"https:\/\/www.prenzlberger-stimme.net\/wp-content\/uploads\/2010\/11\/614-300x225.jpg\" alt=\"\" title=\"OLYMPUS DIGITAL CAMERA\" width=\"300\" height=\"225\" class=\"alignright size-medium wp-image-7998\" srcset=\"https:\/\/prenzlberger-stimme.net\/wp-content\/uploads\/2010\/11\/614-300x225.jpg 300w, https:\/\/prenzlberger-stimme.net\/wp-content\/uploads\/2010\/11\/614.jpg 1024w\" sizes=\"auto, (max-width: 300px) 100vw, 300px\" \/><\/a><br \/>\nDas Warten war eigentlich die Hauptbesch\u00e4ftigung aller Mitwirkenden. Faustregel: Zehn Minuten Spielzeit &#8211; siebzig Minuten Warten auf das n\u00e4chste Spiel. Aber irgendwie machte jeder das beste draus: Der eine verspeiste W\u00fcrstchen um W\u00fcrstchen, der zweite fotografierte in der Gegend herum und der dritte f\u00fchrte die Statistik&#8230; &#8211; andere wiederum machte blo\u00df ein seltsames Gesicht. Hauptsache, die Zeit bis zum n\u00e4chsten Match ging irgendwie rum.<br \/>\nIrgendwann aber &#8211; drau\u00dfen wurde es schon langsam dunkel &#8211; war es so weit, und die Mannschaften von <a href=\"https:\/\/www.prenzlberger-stimme.net\/wp-content\/uploads\/2010\/11\/715.jpg\"><img loading=\"lazy\" decoding=\"async\" src=\"https:\/\/www.prenzlberger-stimme.net\/wp-content\/uploads\/2010\/11\/715-300x194.jpg\" alt=\"\" title=\"7\" width=\"300\" height=\"194\" class=\"alignleft size-medium wp-image-8006\" srcset=\"https:\/\/prenzlberger-stimme.net\/wp-content\/uploads\/2010\/11\/715-300x194.jpg 300w, https:\/\/prenzlberger-stimme.net\/wp-content\/uploads\/2010\/11\/715.jpg 1024w\" sizes=\"auto, (max-width: 300px) 100vw, 300px\" \/><\/a><br \/>\nEintracht Mahlsdorf und Rotation Prenzlauer Berg konnten um ihre Pl\u00e4tze k\u00e4mpfen. Rotation legte noch mal ein ziemliches Tempo vor, st\u00fcrmte, und mehrmals konnte der Mahlsdorfer Torwart dem Ball nur noch hinterher-<br \/>\nschauen, der dann aber &#8211; Pech f\u00fcr Rotation &#8211; knapp am Tor vorbei rollte. Doch auch die Eintracht-Spieler hatten ihre Chancen, scheiterten aber stets am Torwart der Rotationer. So blieb es bis zum Abschluss beim 0:0 &#8211; ein Siebenmeterschie\u00dfen musste die Entscheidung bringen.<a href=\"https:\/\/www.prenzlberger-stimme.net\/wp-content\/uploads\/2010\/11\/810.jpg\"><img loading=\"lazy\" decoding=\"async\" src=\"https:\/\/www.prenzlberger-stimme.net\/wp-content\/uploads\/2010\/11\/810-300x225.jpg\" alt=\"\" title=\"OLYMPUS DIGITAL CAMERA\" width=\"300\" height=\"225\" class=\"alignright size-medium wp-image-8014\" srcset=\"https:\/\/prenzlberger-stimme.net\/wp-content\/uploads\/2010\/11\/810-300x225.jpg 300w, https:\/\/prenzlberger-stimme.net\/wp-content\/uploads\/2010\/11\/810.jpg 1024w\" sizes=\"auto, (max-width: 300px) 100vw, 300px\" \/><\/a><br \/>\nF\u00fcnf Spieler aus jeder Mannschaft schossen dabei abwechselnd aufs Tor &#8211; doch nicht nur Mathis hielt wie immer gut, auch der gegnerische Torwart griff sich die B\u00e4lle. Also zweite Runde: Nun hatte jede Mannschaft nur jeweils einen Schuss. Severin trat an: Treffer!  Dann musste Mathis wieder ins Tor &#8211; und hielt. Das bedeutete: Platz 5 f\u00fcr Rotation Prenzlauer Berg &#8211; bei insgesamt zehn teilnehmenden Mannschaften. Damit war das zweite Hallenturnier der Saison denn doch schon bedeutend erfreulicher zu Ende gegangen, als das erste am Tag zuvor.<\/p>\n<p><a href=\"https:\/\/www.prenzlberger-stimme.net\/wp-content\/uploads\/2010\/11\/95.jpg\"><img loading=\"lazy\" decoding=\"async\" src=\"https:\/\/www.prenzlberger-stimme.net\/wp-content\/uploads\/2010\/11\/95.jpg\" alt=\"\" title=\"OLYMPUS DIGITAL CAMERA\" width=\"650\" height=\"488\" class=\"alignright size-full wp-image-8018\" srcset=\"https:\/\/prenzlberger-stimme.net\/wp-content\/uploads\/2010\/11\/95.jpg 650w, https:\/\/prenzlberger-stimme.net\/wp-content\/uploads\/2010\/11\/95-300x225.jpg 300w\" sizes=\"auto, (max-width: 650px) 100vw, 650px\" \/><\/a><\/p>\n<p> <\/p>\n<p>&nbsp;<\/p>\n<h3><a href=\"https:\/\/www.prenzlberger-stimme.net\/?page_id=2742\"> Zur\u00fcck zur Hauptseite \u201cRolle, rolle \u2013 Rotation!\u201d<\/a><\/h3>\n","protected":false},"excerpt":{"rendered":"<p>Vielleicht lag es ja an der langen Wartezeit. Da kann sich zuweilen schon mal m\u00e4chtig Energie aufbauen. Denn als die Rotationer fast eineinhalb Stunden nach Turnierbeginn das erste Mal auf das Parkett durften, waren sie nicht mehr zu halten. Der Gegner, die zweite Mannschaft von Gastgeber Blau-Gelb &#8211; der sp\u00e4tere Turniersieger &#8211; sah in der [&hellip;]<\/p>\n","protected":false},"author":1,"featured_media":0,"parent":2742,"menu_order":4860,"comment_status":"open","ping_status":"closed","template":"","meta":{"_monsterinsights_skip_tracking":false,"_monsterinsights_sitenote_active":false,"_monsterinsights_sitenote_note":"","_monsterinsights_sitenote_category":0,"ngg_post_thumbnail":0,"footnotes":""},"categories":[],"tags":[],"class_list":["post-7947","page","type-page","status-publish","hentry"],"aioseo_notices":[],"_links":{"self":[{"href":"https:\/\/prenzlberger-stimme.net\/index.php?rest_route=\/wp\/v2\/pages\/7947","targetHints":{"allow":["GET"]}}],"collection":[{"href":"https:\/\/prenzlberger-stimme.net\/index.php?rest_route=\/wp\/v2\/pages"}],"about":[{"href":"https:\/\/prenzlberger-stimme.net\/index.php?rest_route=\/wp\/v2\/types\/page"}],"author":[{"embeddable":true,"href":"https:\/\/prenzlberger-stimme.net\/index.php?rest_route=\/wp\/v2\/users\/1"}],"replies":[{"embeddable":true,"href":"https:\/\/prenzlberger-stimme.net\/index.php?rest_route=%2Fwp%2Fv2%2Fcomments&post=7947"}],"version-history":[{"count":0,"href":"https:\/\/prenzlberger-stimme.net\/index.php?rest_route=\/wp\/v2\/pages\/7947\/revisions"}],"up":[{"embeddable":true,"href":"https:\/\/prenzlberger-stimme.net\/index.php?rest_route=\/wp\/v2\/pages\/2742"}],"wp:attachment":[{"href":"https:\/\/prenzlberger-stimme.net\/index.php?rest_route=%2Fwp%2Fv2%2Fmedia&parent=7947"}],"wp:term":[{"taxonomy":"category","embeddable":true,"href":"https:\/\/prenzlberger-stimme.net\/index.php?rest_route=%2Fwp%2Fv2%2Fcategories&post=7947"},{"taxonomy":"post_tag","embeddable":true,"href":"https:\/\/prenzlberger-stimme.net\/index.php?rest_route=%2Fwp%2Fv2%2Ftags&post=7947"}],"curies":[{"name":"wp","href":"https:\/\/api.w.org\/{rel}","templated":true}]}}